{"id":139,"date":"2020-03-22T14:07:04","date_gmt":"2020-03-22T13:07:04","guid":{"rendered":"http:\/\/xn--dierumungsprofis-ynb.de\/?page_id=139"},"modified":"2024-07-04T12:01:00","modified_gmt":"2024-07-04T10:01:00","slug":"die-raeumungsprofis","status":"publish","type":"page","link":"https:\/\/www.die-raeumungsprofis.de\/index.php\/die-raeumungsprofis\/","title":{"rendered":"\u00dcber uns"},"content":{"rendered":"\n<h3 class=\"wp-block-heading\">FEAS. &#8211; DIE R\u00c4UMUNGSPROFIS&#8230; das sind wir&#8230;<\/h3>\n\n\n\n<hr class=\"wp-block-separator has-text-color has-vivid-red-color has-css-opacity has-vivid-red-background-color has-background\"\/>\n\n\n\n<p><\/p>\n\n\n\n<p>gegr\u00fcndet im <strong>M\u00e4rz 2020<\/strong> von den Gesellschaftern <strong>Stefan Hosang<\/strong> und <strong>Andr\u00e9 Zuppak<\/strong> als <em>DIE R\u00c4UMUNGSPROFIS<\/em> <em>&#8211; Hosang &amp; Zuppak GbR<\/em>, sind wir als inhabergef\u00fchrtes Familienunternehmen in den letzten Jahren zu einem professionellen Dienstleister f\u00fcr Eigent\u00fcmer, Hausverwalter, Immobiliengesellschaften und gewerbliche Unternehmen verschiedener Branchen gewachsen.<\/p>\n\n\n\n<p>Seit November 2022 firmieren wir unter dem neuen Namen <strong>FEAS<\/strong>. &#8211; <strong>DIE R\u00c4UMUNGSPROFIS<\/strong>. <\/p>\n\n\n\n<p>Ziel war es mit dieser Namens\u00e4nderung noch deutlicher das umfangreiche Leistungsspektrum des Unternehmens herauszustellen, welches neben der Entr\u00fcmpelung von Wohn- und Gesch\u00e4ftsobjekten auch die Bereiche Abbruchtechnik, Schadstofferkundung und Schadstoffsanierung umfasst.<\/p>\n\n\n\n<p>Sie sehen, wir machen viel mehr als &#8222;nur&#8220; <em>r\u00e4umen<\/em>.<\/p>\n\n\n\n<p>Mit unseren umfangreichen Qualifikationen im Bereich der Sanierung von Altlasten in und an Geb\u00e4uden stehen wir Ihnen jederzeit als kompetenter Ansprechpartner zur Verf\u00fcgung.<\/p>\n\n\n<div class=\"wp-block-image\">\n<figure class=\"aligncenter size-full\"><img loading=\"lazy\" decoding=\"async\" width=\"1000\" height=\"400\" src=\"https:\/\/www.die-raeumungsprofis.de\/wp-content\/uploads\/2024\/04\/Qualifikationen.jpg\" alt=\"\" class=\"wp-image-951\" srcset=\"https:\/\/www.die-raeumungsprofis.de\/wp-content\/uploads\/2024\/04\/Qualifikationen.jpg 1000w, https:\/\/www.die-raeumungsprofis.de\/wp-content\/uploads\/2024\/04\/Qualifikationen-300x120.jpg 300w, https:\/\/www.die-raeumungsprofis.de\/wp-content\/uploads\/2024\/04\/Qualifikationen-768x307.jpg 768w\" sizes=\"auto, (max-width: 1000px) 100vw, 1000px\" \/><\/figure>\n<\/div>\n\n\n<hr class=\"wp-block-separator has-alpha-channel-opacity\"\/>\n\n\n\n<p class=\"has-text-align-center\">Das Unternehmen wird seit dem 01. Januar 2024 von Betriebswirt Stefan Hosang als alleinigem Inhaber gef\u00fchrt.<\/p>\n\n\n<div class=\"wp-block-image is-style-rounded\">\n<figure class=\"aligncenter size-full\"><img loading=\"lazy\" decoding=\"async\" width=\"400\" height=\"400\" src=\"https:\/\/www.die-raeumungsprofis.de\/wp-content\/uploads\/2024\/07\/Feas_Hosang.jpg\" alt=\"\" class=\"wp-image-1006\" srcset=\"https:\/\/www.die-raeumungsprofis.de\/wp-content\/uploads\/2024\/07\/Feas_Hosang.jpg 400w, https:\/\/www.die-raeumungsprofis.de\/wp-content\/uploads\/2024\/07\/Feas_Hosang-300x300.jpg 300w, https:\/\/www.die-raeumungsprofis.de\/wp-content\/uploads\/2024\/07\/Feas_Hosang-150x150.jpg 150w\" sizes=\"auto, (max-width: 400px) 100vw, 400px\" \/><\/figure>\n<\/div>\n\n\n<p><br>Ausgehend von fachlicher Kompetenz, einem weit verzweigten Partnernetzwerk und einem eigenen Maschinenpark, der jederzeit den technischen Anforderungen an die uns gestellten Aufgaben entspricht, sind wir f\u00fcr <strong>Sie<\/strong> in der Lage, auch die Umsetzung <em>kurzfristiger Projekte<\/em> in den Bereichen<\/p>\n\n\n\n<ul class=\"wp-block-list\">\n<li>Haushaltsaufl\u00f6sung<\/li>\n\n\n\n<li>Entr\u00fcmpelung und Entkernung von Geb\u00e4uden und Wohnungen<\/li>\n\n\n\n<li>Abbruchtechnik<\/li>\n\n\n\n<li>Schadstofferkundung und Schadstoffanalyse<\/li>\n\n\n\n<li>Schadstoffsanierung (Asbest &amp; k\u00fcnstliche Mineralfasern)<\/li>\n\n\n\n<li>Entsorgung<\/li>\n<\/ul>\n\n\n\n<p>jederzeit zu realisieren!<\/p>\n\n\n<div class=\"wp-block-image is-style-rounded\">\n<figure class=\"aligncenter size-full\"><img loading=\"lazy\" decoding=\"async\" width=\"600\" height=\"400\" src=\"https:\/\/www.die-raeumungsprofis.de\/wp-content\/uploads\/2024\/04\/Abbruch_Boden_Handabbruch.jpg\" alt=\"\" class=\"wp-image-942\" srcset=\"https:\/\/www.die-raeumungsprofis.de\/wp-content\/uploads\/2024\/04\/Abbruch_Boden_Handabbruch.jpg 600w, https:\/\/www.die-raeumungsprofis.de\/wp-content\/uploads\/2024\/04\/Abbruch_Boden_Handabbruch-300x200.jpg 300w\" sizes=\"auto, (max-width: 600px) 100vw, 600px\" \/><\/figure>\n<\/div>\n\n\n<p><br><p>Als <strong><em>Familienunternehmen<\/em><\/strong> stehen wir f\u00fcr Zuverl\u00e4ssigkeit, Vertraulichkeit und eine klare direkte Linie ohne lange und komplizierte Entscheidungshierarchien. Unsere Arbeitsweise ist gepr\u00e4gt von einer Kombination aus langj\u00e4hriger Erfahrung unserer T\u00e4tigkeit gepaart mit zukunftsorientierter Innovation.<\/p><\/p>\n\n\n\n<p class=\"has-text-align-center\">Wir handeln getreu unserem Motto: <strong>FEAS. &#8211; &#8222;WIR MACHEN&#8217;S EINFACH!<em>&#8222;<\/em><\/strong> <\/p>\n\n\n\n<p class=\"has-text-align-left\">Wir freuen uns auf Ihre Anfrage und stehen Ihnen dar\u00fcber hinaus f\u00fcr R\u00fcckfragen jederzeit gerne zur Verf\u00fcgung!<\/p>\n\n\n\n<p>Es gr\u00fc\u00dft Sie <\/p>\n\n\n\n<p><strong><mark style=\"background-color:rgba(0, 0, 0, 0)\" class=\"has-inline-color has-vivid-red-color\">FEAS. &#8211; DIE R\u00c4UMUNGSPROFIS<\/mark><\/strong><br>Stefan Hosang<br><small>staatl. gepr. Betriebswirt<br>Inhaber<\/small> <\/p>\n\n\n\n<p><\/p>\n","protected":false},"excerpt":{"rendered":"<p>FEAS. &#8211; DIE R\u00c4UMUNGSPROFIS&#8230; das sind wir&#8230; gegr\u00fcndet im M\u00e4rz 2020 von den Gesellschaftern Stefan Hosang und Andr\u00e9 Zuppak als DIE R\u00c4UMUNGSPROFIS &#8211; Hosang &amp; Zuppak GbR, sind wir als inhabergef\u00fchrtes Familienunternehmen in den letzten Jahren zu einem professionellen Dienstleister f\u00fcr Eigent\u00fcmer, Hausverwalter, Immobiliengesellschaften und gewerbliche Unternehmen verschiedener Branchen gewachsen. Seit November 2022 firmieren wir [&hellip;]<\/p>\n","protected":false},"author":1,"featured_media":0,"parent":0,"menu_order":1,"comment_status":"closed","ping_status":"closed","template":"","meta":{"footnotes":""},"class_list":["post-139","page","type-page","status-publish","hentry"],"_links":{"self":[{"href":"https:\/\/www.die-raeumungsprofis.de\/index.php\/wp-json\/wp\/v2\/pages\/139","targetHints":{"allow":["GET"]}}],"collection":[{"href":"https:\/\/www.die-raeumungsprofis.de\/index.php\/wp-json\/wp\/v2\/pages"}],"about":[{"href":"https:\/\/www.die-raeumungsprofis.de\/index.php\/wp-json\/wp\/v2\/types\/page"}],"author":[{"embeddable":true,"href":"https:\/\/www.die-raeumungsprofis.de\/index.php\/wp-json\/wp\/v2\/users\/1"}],"replies":[{"embeddable":true,"href":"https:\/\/www.die-raeumungsprofis.de\/index.php\/wp-json\/wp\/v2\/comments?post=139"}],"version-history":[{"count":73,"href":"https:\/\/www.die-raeumungsprofis.de\/index.php\/wp-json\/wp\/v2\/pages\/139\/revisions"}],"predecessor-version":[{"id":1020,"href":"https:\/\/www.die-raeumungsprofis.de\/index.php\/wp-json\/wp\/v2\/pages\/139\/revisions\/1020"}],"wp:attachment":[{"href":"https:\/\/www.die-raeumungsprofis.de\/index.php\/wp-json\/wp\/v2\/media?parent=139"}],"curies":[{"name":"wp","href":"https:\/\/api.w.org\/{rel}","templated":true}]}}