{"id":19,"date":"2020-03-09T20:45:37","date_gmt":"2020-03-09T19:45:37","guid":{"rendered":"http:\/\/www.xn--dierumungsprofis-ynb.de\/?page_id=19"},"modified":"2024-04-23T13:24:44","modified_gmt":"2024-04-23T11:24:44","slug":"startseite","status":"publish","type":"page","link":"https:\/\/www.die-raeumungsprofis.de\/","title":{"rendered":"&#8211; Herzlich Willkommen &#8211; <br>FEAS. &#8211; DIE R\u00c4UMUNGSPROFIS<br>WIR schaffen Perspektiven!"},"content":{"rendered":"<div id=\"metaslider-id-898\" style=\"width: 100%;\" class=\"ml-slider-3-27-3 metaslider metaslider-flex metaslider-898 ml-slider\">\n    <div id=\"metaslider_container_898\">\n        <div id=\"metaslider_898\">\n            <ul aria-live=\"polite\" class=\"slides\">\n                <li style=\"display: block; width: 100%;\" class=\"slide-988 ms-image\"><img loading=\"lazy\" decoding=\"async\" src=\"https:\/\/www.die-raeumungsprofis.de\/wp-content\/uploads\/2024\/07\/Start.jpg\" height=\"400\" width=\"1000\" alt=\"\" class=\"slider-898 slide-988\" title=\"Start\" \/><\/li>\n                <li style=\"display: none; width: 100%;\" class=\"slide-973 ms-image\"><img loading=\"lazy\" decoding=\"async\" src=\"https:\/\/www.die-raeumungsprofis.de\/wp-content\/uploads\/2024\/04\/Sachkunde-TRGS-519.jpg\" height=\"400\" width=\"1000\" alt=\"\" class=\"slider-898 slide-973\" title=\"Sachkunde-TRGS-519\" \/><div class=\"caption-wrap\"><div class=\"caption\"><center>SACHKUNDE TRGS 519 ANL. 4 C | ASBESTZEMENTPRODUKTE<\/center><\/div><\/div><\/li>\n                <li style=\"display: none; width: 100%;\" class=\"slide-972 ms-image\"><img loading=\"lazy\" decoding=\"async\" src=\"https:\/\/www.die-raeumungsprofis.de\/wp-content\/uploads\/2024\/04\/Fachkunde-TRGS-521.jpg\" height=\"400\" width=\"1000\" alt=\"\" class=\"slider-898 slide-972\" title=\"Fachkunde-TRGS-521\" \/><div class=\"caption-wrap\"><div class=\"caption\"><center>FACHKUNDE TRGS 521 | K\u00dcNSTLICHE MINERALFASERN<\/center><\/div><\/div><\/li>\n                <li style=\"display: none; width: 100%;\" class=\"slide-904 ms-image\"><img loading=\"lazy\" decoding=\"async\" src=\"https:\/\/www.die-raeumungsprofis.de\/wp-content\/uploads\/2024\/04\/Qualifikationen-1.jpg\" height=\"400\" width=\"1000\" alt=\"\" class=\"slider-898 slide-904\" title=\"Qualifikationen\" \/><div class=\"caption-wrap\"><div class=\"caption\"><center>PR\u00dcFBARE QUALIFIKATIONEN SIND F\u00dcR UNS SELBSTVERST\u00c4NDLICH<\/center><\/div><\/div><\/li>\n                <li style=\"display: none; width: 100%;\" class=\"slide-974 ms-image\"><img loading=\"lazy\" decoding=\"async\" src=\"https:\/\/www.die-raeumungsprofis.de\/wp-content\/uploads\/2024\/01\/entruempelung.jpg\" height=\"400\" width=\"1000\" alt=\"\" class=\"slider-898 slide-974\" title=\"entr\u00fcmpelung\" \/><div class=\"caption-wrap\"><div class=\"caption\"><center>ENTR\u00dcMPELUNGEN VON WOHN- UND GESCH\u00c4FTSOBJEKTEN<\/center><\/div><\/div><\/li>\n                <li style=\"display: none; width: 100%;\" class=\"slide-905 ms-image\"><img loading=\"lazy\" decoding=\"async\" src=\"https:\/\/www.die-raeumungsprofis.de\/wp-content\/uploads\/2024\/01\/entkernung_3.jpg\" height=\"400\" width=\"1000\" alt=\"\" class=\"slider-898 slide-905\" title=\"entkernung_3\" \/><div class=\"caption-wrap\"><div class=\"caption\"><center>R\u00dcCKBAUARBEITEN IM INNENBEREICH<\/center><\/div><\/div><\/li>\n                <li style=\"display: none; width: 100%;\" class=\"slide-977 ms-image\"><img loading=\"lazy\" decoding=\"async\" src=\"https:\/\/www.die-raeumungsprofis.de\/wp-content\/uploads\/2024\/01\/entkernung.jpg\" height=\"400\" width=\"1000\" alt=\"\" class=\"slider-898 slide-977\" title=\"entkernung\" \/><div class=\"caption-wrap\"><div class=\"caption\"><center>ENTKERNUNGSARBEITEN BIS AUF ROHBAUZUSTAND<\/center><\/div><\/div><\/li>\n                <li style=\"display: none; width: 100%;\" class=\"slide-906 ms-image\"><img loading=\"lazy\" decoding=\"async\" src=\"https:\/\/www.die-raeumungsprofis.de\/wp-content\/uploads\/2024\/01\/entkernung_2.jpg\" height=\"400\" width=\"1000\" alt=\"\" class=\"slider-898 slide-906\" title=\"entkernung_2\" \/><div class=\"caption-wrap\"><div class=\"caption\"><center>FACHGERECHTES ENTFERNEN VON FLIESENBEL\u00c4GEN<\/center><\/div><\/div><\/li>\n                <li style=\"display: none; width: 100%;\" class=\"slide-910 ms-image\"><img loading=\"lazy\" decoding=\"async\" src=\"https:\/\/www.die-raeumungsprofis.de\/wp-content\/uploads\/2024\/01\/reinigung.jpg\" height=\"400\" width=\"1000\" alt=\"\" class=\"slider-898 slide-910\" title=\"reinigung\" \/><div class=\"caption-wrap\"><div class=\"caption\"><center>REINIGUNGSUNGSARBEITEN IN WOHN- UND GESCH\u00c4FTSGEB\u00c4UDEN<\/center><\/div><\/div><\/li>\n                <li style=\"display: none; width: 100%;\" class=\"slide-913 ms-image\"><img loading=\"lazy\" decoding=\"async\" src=\"https:\/\/www.die-raeumungsprofis.de\/wp-content\/uploads\/2024\/01\/abbruch.jpg\" height=\"400\" width=\"1000\" alt=\"\" class=\"slider-898 slide-913\" title=\"abbruch\" \/><div class=\"caption-wrap\"><div class=\"caption\"><center>ABBRUCHARBEITEN VON GEB\u00c4UDEN UND ANBAUTEN JEDER ART<\/center><\/div><\/div><\/li>\n                <li style=\"display: none; width: 100%;\" class=\"slide-914 ms-image\"><img loading=\"lazy\" decoding=\"async\" src=\"https:\/\/www.die-raeumungsprofis.de\/wp-content\/uploads\/2024\/01\/schadstoffsanierung.jpg\" height=\"400\" width=\"1000\" alt=\"\" class=\"slider-898 slide-914\" title=\"schadstoffsanierung\" \/><div class=\"caption-wrap\"><div class=\"caption\"><center>AUSF\u00dcHRUNG VON SCHADSTOFFSANIERUNGEN IM BEREICH ASBEST UND KMF<\/center><\/div><\/div><\/li>\n                <li style=\"display: none; width: 100%;\" class=\"slide-976 ms-image\"><img loading=\"lazy\" decoding=\"async\" src=\"https:\/\/www.die-raeumungsprofis.de\/wp-content\/uploads\/2024\/04\/Freimessung-TRGS-519.jpg\" height=\"400\" width=\"1000\" alt=\"\" class=\"slider-898 slide-976\" title=\"Freimessung-TRGS-519\" \/><div class=\"caption-wrap\"><div class=\"caption\"><center>AUSF\u00dcHRUNG VON FREIMESSUNGEN NACH SCHADSTOFFSANIERUNGEN IM BEREICH ASBEST<\/center><\/div><\/div><\/li>\n                <li style=\"display: none; width: 100%;\" class=\"slide-981 ms-image\"><img loading=\"lazy\" decoding=\"async\" src=\"https:\/\/www.die-raeumungsprofis.de\/wp-content\/uploads\/2024\/04\/Partner.jpg\" height=\"400\" width=\"1000\" alt=\"\" class=\"slider-898 slide-981\" title=\"Partner\" \/><\/li>\n                <li style=\"display: none; width: 100%;\" class=\"slide-980 ms-image\"><img loading=\"lazy\" decoding=\"async\" src=\"https:\/\/www.die-raeumungsprofis.de\/wp-content\/uploads\/2024\/04\/FEAS.jpg\" height=\"400\" width=\"1000\" alt=\"\" class=\"slider-898 slide-980\" title=\"FEAS\" \/><\/li>\n            <\/ul>\n        <\/div>\n        \n    <\/div>\n<\/div>\n\n\n\n<hr class=\"wp-block-separator has-alpha-channel-opacity\"\/>\n\n\n\n<p class=\"has-text-align-center\"><strong>Entr\u00fcmpelung | Abbruch | Schadstoffsanierung | Schadstofferkundung | Entsorgung &#8230; wir machen das f\u00fcr<\/strong> <strong>SIE!<\/strong><\/p>\n\n\n\n<hr class=\"wp-block-separator has-alpha-channel-opacity\"\/>\n\n\n\n<p class=\"has-text-align-center\">Weitere Infos geben wir Ihnen gerne jederzeit unter der Info-Rufnummer: <strong>0176 &#8211; 6959 7835<\/strong>.<\/p>\n\n\n\n<hr class=\"wp-block-separator has-alpha-channel-opacity\"\/>\n\n\n\n<center><a rel=\"noopener noreferrer\" href=\"https:\/\/die-unternehmerbande.de\/mitglieder\/feas-die-raeumungsprofis\/\" target=\"_blank\"><img decoding=\"async\" src=\"https:\/\/www.die-raeumungsprofis.de\/wp-content\/uploads\/2024\/02\/Die-Unternehmerbande-Logo.gif\"width=\"300\"><\/a>\n","protected":false},"excerpt":{"rendered":"<p>Entr\u00fcmpelung | Abbruch | Schadstoffsanierung | Schadstofferkundung | Entsorgung &#8230; wir machen das f\u00fcr SIE! Weitere Infos geben wir Ihnen gerne jederzeit unter der Info-Rufnummer: 0176 &#8211; 6959 7835.<\/p>\n","protected":false},"author":1,"featured_media":0,"parent":0,"menu_order":0,"comment_status":"closed","ping_status":"closed","template":"","meta":{"footnotes":""},"class_list":["post-19","page","type-page","status-publish","hentry"],"_links":{"self":[{"href":"https:\/\/www.die-raeumungsprofis.de\/index.php\/wp-json\/wp\/v2\/pages\/19","targetHints":{"allow":["GET"]}}],"collection":[{"href":"https:\/\/www.die-raeumungsprofis.de\/index.php\/wp-json\/wp\/v2\/pages"}],"about":[{"href":"https:\/\/www.die-raeumungsprofis.de\/index.php\/wp-json\/wp\/v2\/types\/page"}],"author":[{"embeddable":true,"href":"https:\/\/www.die-raeumungsprofis.de\/index.php\/wp-json\/wp\/v2\/users\/1"}],"replies":[{"embeddable":true,"href":"https:\/\/www.die-raeumungsprofis.de\/index.php\/wp-json\/wp\/v2\/comments?post=19"}],"version-history":[{"count":147,"href":"https:\/\/www.die-raeumungsprofis.de\/index.php\/wp-json\/wp\/v2\/pages\/19\/revisions"}],"predecessor-version":[{"id":968,"href":"https:\/\/www.die-raeumungsprofis.de\/index.php\/wp-json\/wp\/v2\/pages\/19\/revisions\/968"}],"wp:attachment":[{"href":"https:\/\/www.die-raeumungsprofis.de\/index.php\/wp-json\/wp\/v2\/media?parent=19"}],"curies":[{"name":"wp","href":"https:\/\/api.w.org\/{rel}","templated":true}]}}