{"id":205,"date":"2020-09-17T12:53:19","date_gmt":"2020-09-17T10:53:19","guid":{"rendered":"http:\/\/xn--dierumungsprofis-ynb.de\/?page_id=205"},"modified":"2024-01-30T17:15:00","modified_gmt":"2024-01-30T16:15:00","slug":"projekte","status":"publish","type":"page","link":"https:\/\/www.die-raeumungsprofis.de\/index.php\/projekte\/","title":{"rendered":"Projekte"},"content":{"rendered":"\n<p>Um Ihnen einen ersten Eindruck in bereits von uns abgewickelte Projekte zu geben haben wir Ihnen nachfolgend einige Informationen zusammen gestellt.<\/p>\n\n\n\n<p>Sie ben\u00f6tigen weitergehende Informationen, sprechen Sie uns jederzeit gerne an! <strong>FEAS. | DIE R\u00c4UMUNGSPROFIS &#8211; Stefan Hosang &#8211; <\/strong><\/p>\n\n\n\n<p>Der richtige Partner auch f\u00fcr Ihr Projekt!<\/p>\n\n\n\n<hr class=\"wp-block-separator has-css-opacity\"\/>\n\n\n\n<p>Ausf\u00fchrungsort des Projektes: <strong>Dortmund Innenstadt<\/strong> <br>Aufgabenstellung: R\u00e4umung eines Dachbodens von Sperrm\u00fcll sowie Baumischabf\u00e4llen, verpacken der Restmassen, verbringen dieser aus dem 5. OG und Zuf\u00fchrung zu einer ordnungsgem\u00e4\u00dfen Entsorgung<\/p>\n\n\n\n<p><\/p>\n\n\n\n<figure class=\"wp-block-gallery has-nested-images columns-4 wp-block-gallery-1 is-layout-flex wp-block-gallery-is-layout-flex\">\n<figure class=\"wp-block-image size-large\"><img loading=\"lazy\" decoding=\"async\" width=\"270\" height=\"270\" data-id=\"666\" src=\"https:\/\/www.die-raeumungsprofis.de\/wp-content\/uploads\/2022\/02\/Do_DB_2_vorher.jpg\" alt=\"\" class=\"wp-image-666\"\/><figcaption class=\"wp-element-caption\">vorher<\/figcaption><\/figure>\n\n\n\n<figure class=\"wp-block-image size-large\"><img loading=\"lazy\" decoding=\"async\" width=\"270\" height=\"270\" data-id=\"665\" src=\"https:\/\/www.die-raeumungsprofis.de\/wp-content\/uploads\/2022\/02\/Do_DB_2_nachher.jpg\" alt=\"\" class=\"wp-image-665\"\/><figcaption class=\"wp-element-caption\">nachher<\/figcaption><\/figure>\n\n\n\n<figure class=\"wp-block-image size-large\"><img loading=\"lazy\" decoding=\"async\" width=\"270\" height=\"270\" data-id=\"668\" src=\"https:\/\/www.die-raeumungsprofis.de\/wp-content\/uploads\/2022\/02\/Do_DB_vorher.jpg\" alt=\"\" class=\"wp-image-668\"\/><figcaption class=\"wp-element-caption\">vorher<\/figcaption><\/figure>\n\n\n\n<figure class=\"wp-block-image size-large\"><img loading=\"lazy\" decoding=\"async\" width=\"270\" height=\"270\" data-id=\"667\" src=\"https:\/\/www.die-raeumungsprofis.de\/wp-content\/uploads\/2022\/02\/Do_DB_nachher.jpg\" alt=\"\" class=\"wp-image-667\"\/><figcaption class=\"wp-element-caption\">nachher<\/figcaption><\/figure>\n<\/figure>\n\n\n\n<hr class=\"wp-block-separator has-css-opacity\"\/>\n\n\n\n<p>Ausf\u00fchrungsort des Projektes: <strong>Fr\u00f6ndenberg \/ Ruhr<\/strong><br>Aufgabenstellung: R\u00fcckbau eines Taubenschlags inklusive Volieren, Sortieren der verschiedenen Abfallfraktionen und Verbringen des R\u00fcckbaumaterials aus Hanglage in Abrolbeh\u00e4lter zwecks ordnungsgem\u00e4\u00dfer Entsorgung<\/p>\n\n\n\n<figure class=\"wp-block-gallery has-nested-images columns-4 wp-block-gallery-2 is-layout-flex wp-block-gallery-is-layout-flex\">\n<figure class=\"wp-block-image size-large\"><img loading=\"lazy\" decoding=\"async\" width=\"270\" height=\"270\" data-id=\"671\" src=\"https:\/\/www.die-raeumungsprofis.de\/wp-content\/uploads\/2022\/02\/Froe_TS_1_vorher.jpg\" alt=\"\" class=\"wp-image-671\"\/><figcaption class=\"wp-element-caption\">vorher<\/figcaption><\/figure>\n\n\n\n<figure class=\"wp-block-image size-large\"><img loading=\"lazy\" decoding=\"async\" width=\"270\" height=\"270\" data-id=\"672\" src=\"https:\/\/www.die-raeumungsprofis.de\/wp-content\/uploads\/2022\/02\/Froe_TS_2_Rueckbau.jpg\" alt=\"\" class=\"wp-image-672\"\/><figcaption class=\"wp-element-caption\">R\u00fcckbau<\/figcaption><\/figure>\n\n\n\n<figure class=\"wp-block-image size-large\"><img loading=\"lazy\" decoding=\"async\" width=\"270\" height=\"270\" data-id=\"673\" src=\"https:\/\/www.die-raeumungsprofis.de\/wp-content\/uploads\/2022\/02\/Froe_TS_3_Rueckbau.jpg\" alt=\"\" class=\"wp-image-673\"\/><figcaption class=\"wp-element-caption\">R\u00fcckbau<\/figcaption><\/figure>\n\n\n\n<figure class=\"wp-block-image size-large\"><img loading=\"lazy\" decoding=\"async\" width=\"270\" height=\"270\" data-id=\"674\" src=\"https:\/\/www.die-raeumungsprofis.de\/wp-content\/uploads\/2022\/02\/Froe_TS_4_Rueckbau.jpg\" alt=\"\" class=\"wp-image-674\"\/><figcaption class=\"wp-element-caption\">R\u00fcckbau<\/figcaption><\/figure>\n\n\n\n<figure class=\"wp-block-image size-large\"><img loading=\"lazy\" decoding=\"async\" width=\"270\" height=\"270\" data-id=\"675\" src=\"https:\/\/www.die-raeumungsprofis.de\/wp-content\/uploads\/2022\/02\/Froe_TS_5_Handabbruch.jpg\" alt=\"\" class=\"wp-image-675\"\/><figcaption class=\"wp-element-caption\">Handabbruch<\/figcaption><\/figure>\n\n\n\n<figure class=\"wp-block-image size-large\"><img loading=\"lazy\" decoding=\"async\" width=\"270\" height=\"270\" data-id=\"676\" src=\"https:\/\/www.die-raeumungsprofis.de\/wp-content\/uploads\/2022\/02\/Froe_TS_6_Entsorgung.jpg\" alt=\"\" class=\"wp-image-676\"\/><figcaption class=\"wp-element-caption\">Entsorgung<\/figcaption><\/figure>\n\n\n\n<figure class=\"wp-block-image size-large\"><img loading=\"lazy\" decoding=\"async\" width=\"270\" height=\"270\" data-id=\"677\" src=\"https:\/\/www.die-raeumungsprofis.de\/wp-content\/uploads\/2022\/02\/Froe_TS_7_Altholz.jpg\" alt=\"\" class=\"wp-image-677\"\/><figcaption class=\"wp-element-caption\">Altholz A IV<\/figcaption><\/figure>\n\n\n\n<figure class=\"wp-block-image size-large\"><img loading=\"lazy\" decoding=\"async\" width=\"270\" height=\"270\" data-id=\"678\" src=\"https:\/\/www.die-raeumungsprofis.de\/wp-content\/uploads\/2022\/02\/Froe_TS_8_Baumischabfall.jpg\" alt=\"\" class=\"wp-image-678\"\/><figcaption class=\"wp-element-caption\">Baumischabfall<\/figcaption><\/figure>\n<\/figure>\n\n\n\n<hr class=\"wp-block-separator has-css-opacity\"\/>\n\n\n\n<p><\/p>\n\n\n\n<p>Ausf\u00fchrungsort des Projektes: <strong>B\u00f6nen<\/strong> (Kreis Unna) <br>Aufgabenstellung: Ber\u00e4umen eines Rohbaugeb\u00e4udes von Baumaterial verschiedener Art sowie fachgerechtes Verpacken in Foliens\u00e4cke und Entsorgung anfallender Restmassen<br><\/p>\n\n\n\n<figure class=\"wp-block-gallery aligncenter has-nested-images columns-4 wp-block-gallery-3 is-layout-flex wp-block-gallery-is-layout-flex\">\n<figure class=\"wp-block-image size-large\"><img loading=\"lazy\" decoding=\"async\" width=\"270\" height=\"270\" data-id=\"685\" src=\"https:\/\/www.die-raeumungsprofis.de\/wp-content\/uploads\/2022\/02\/Boe_Styropor_vorher.jpg\" alt=\"\" class=\"wp-image-685\"\/><figcaption class=\"wp-element-caption\">vorher<\/figcaption><\/figure>\n\n\n\n<figure class=\"wp-block-image size-large\"><img loading=\"lazy\" decoding=\"async\" width=\"270\" height=\"270\" data-id=\"681\" src=\"https:\/\/www.die-raeumungsprofis.de\/wp-content\/uploads\/2022\/02\/Boe_Styropor_2_vorher.jpg\" alt=\"\" class=\"wp-image-681\"\/><figcaption class=\"wp-element-caption\">vorher<\/figcaption><\/figure>\n\n\n\n<figure class=\"wp-block-image size-large\"><img loading=\"lazy\" decoding=\"async\" width=\"270\" height=\"270\" data-id=\"682\" src=\"https:\/\/www.die-raeumungsprofis.de\/wp-content\/uploads\/2022\/02\/Boe_Styropor_3_nachher.jpg\" alt=\"\" class=\"wp-image-682\"\/><figcaption class=\"wp-element-caption\">nachher<\/figcaption><\/figure>\n\n\n\n<figure class=\"wp-block-image size-large\"><img loading=\"lazy\" decoding=\"async\" width=\"270\" height=\"270\" data-id=\"683\" src=\"https:\/\/www.die-raeumungsprofis.de\/wp-content\/uploads\/2022\/02\/Boe_Styropor_4_Entsorgung.jpg\" alt=\"\" class=\"wp-image-683\"\/><figcaption class=\"wp-element-caption\">Entsorgung<\/figcaption><\/figure>\n\n\n\n<figure class=\"wp-block-image size-large\"><img loading=\"lazy\" decoding=\"async\" width=\"1080\" height=\"270\" data-id=\"684\" src=\"https:\/\/www.die-raeumungsprofis.de\/wp-content\/uploads\/2022\/02\/Boe_Styropor_5_Aussen.jpg\" alt=\"\" class=\"wp-image-684\"\/><figcaption class=\"wp-element-caption\">Au\u00dfenansicht Bauvorhaben<\/figcaption><\/figure>\n<\/figure>\n","protected":false},"excerpt":{"rendered":"<p>Um Ihnen einen ersten Eindruck in bereits von uns abgewickelte Projekte zu geben haben wir Ihnen nachfolgend einige Informationen zusammen gestellt. Sie ben\u00f6tigen weitergehende Informationen, sprechen Sie uns jederzeit gerne an! FEAS. | DIE R\u00c4UMUNGSPROFIS &#8211; Stefan Hosang &#8211; Der richtige Partner auch f\u00fcr Ihr Projekt! Ausf\u00fchrungsort des Projektes: Dortmund Innenstadt Aufgabenstellung: R\u00e4umung eines Dachbodens [&hellip;]<\/p>\n","protected":false},"author":1,"featured_media":0,"parent":0,"menu_order":0,"comment_status":"closed","ping_status":"closed","template":"","meta":{"footnotes":""},"class_list":["post-205","page","type-page","status-publish","hentry"],"_links":{"self":[{"href":"https:\/\/www.die-raeumungsprofis.de\/index.php\/wp-json\/wp\/v2\/pages\/205","targetHints":{"allow":["GET"]}}],"collection":[{"href":"https:\/\/www.die-raeumungsprofis.de\/index.php\/wp-json\/wp\/v2\/pages"}],"about":[{"href":"https:\/\/www.die-raeumungsprofis.de\/index.php\/wp-json\/wp\/v2\/types\/page"}],"author":[{"embeddable":true,"href":"https:\/\/www.die-raeumungsprofis.de\/index.php\/wp-json\/wp\/v2\/users\/1"}],"replies":[{"embeddable":true,"href":"https:\/\/www.die-raeumungsprofis.de\/index.php\/wp-json\/wp\/v2\/comments?post=205"}],"version-history":[{"count":63,"href":"https:\/\/www.die-raeumungsprofis.de\/index.php\/wp-json\/wp\/v2\/pages\/205\/revisions"}],"predecessor-version":[{"id":925,"href":"https:\/\/www.die-raeumungsprofis.de\/index.php\/wp-json\/wp\/v2\/pages\/205\/revisions\/925"}],"wp:attachment":[{"href":"https:\/\/www.die-raeumungsprofis.de\/index.php\/wp-json\/wp\/v2\/media?parent=205"}],"curies":[{"name":"wp","href":"https:\/\/api.w.org\/{rel}","templated":true}]}}