{"id":217,"date":"2021-01-11T12:57:41","date_gmt":"2021-01-11T11:57:41","guid":{"rendered":"http:\/\/xn--dierumungsprofis-ynb.de\/?page_id=217"},"modified":"2024-04-23T13:04:15","modified_gmt":"2024-04-23T11:04:15","slug":"zertifikate","status":"publish","type":"page","link":"https:\/\/www.die-raeumungsprofis.de\/index.php\/zertifikate\/","title":{"rendered":"Seri\u00f6ser Dienstleister"},"content":{"rendered":"\n<p><\/p>\n\n\n\n<p>Seri\u00f6se und beh\u00f6rdlich zugelassene Unternehmen erkennen Sie <em>u.A.<\/em> an folgenden Merkmalen:<\/p>\n\n\n\n<ul class=\"wp-block-list\">\n<li>das Unternehmen verf\u00fcgt \u00fcber eine <strong>professionelle Website<\/strong> mit <strong>vollst\u00e4ndig ausgef\u00fclltem Impressum<\/strong> (Kontaktdaten)<\/li>\n\n\n\n<li>eine <strong>beh\u00f6rdliche Zulassung zur Ausf\u00fchrung von Entsorgungsdienstleistungen<\/strong> (Anzeige nach \u00a753 KrWG) liegt vor<\/li>\n\n\n\n<li>eine <strong>beh\u00f6rdliche Gewerbeanmeldung <\/strong>bei der f\u00fcr das Unternehmen zust\u00e4ndigen Beh\u00f6rde liegt vor<\/li>\n\n\n\n<li>das Unternehmen ist bei der zust\u00e4ndigen <strong>Industrie- und Handelskammer<\/strong> bzw. <strong>Handwerkskammer<\/strong> als <strong>Mitglied<\/strong> registriert<\/li>\n\n\n\n<li>das Unternehmen verf\u00fcgt \u00fcber eine <strong>g\u00fcltige Steuernummer beim zust\u00e4ndigen Finanzamt<\/strong><\/li>\n\n\n\n<li>die <strong>verantwortlich handlenden Personen<\/strong> verf\u00fcgen \u00fcber alle e<strong>rforderlichen und g\u00fcltigen Sach- und Fachkundenachweise <\/strong><\/li>\n\n\n\n<li>Ihnen wird ein <strong>pers\u00f6nlicher Besichtigungstermin<\/strong> angeboten<\/li>\n\n\n\n<li>Sie erhalten ein <strong>schriftliches Angebot<\/strong> mit <strong>klarer Leistungsbeschreibung<\/strong> und den zu erwartenden <strong>Kosten<\/strong><\/li>\n\n\n\n<li>Ihnen wird ein <strong>verantwortlicher Ansprechpartner<\/strong> f\u00fcr Ihr Projekt genannt<\/li>\n<\/ul>\n\n\n\n<p>Wir raten Ihnen dringend im eigenen Interesse immer <b><u>vor<\/u><\/b> einer Auftragserteilung dazu, sich entsprechende Nachweise des Unternehmers vorlegen zu lassen.<\/p>\n\n\n\n<p>Wir als <b><font style=\" text-decoration: underline solid black;\">FEAS. &#8211; Die R\u00e4umungsprofis | Stefan Hosang <\/font> <\/b>verf\u00fcgen \u00fcber alle beh\u00f6rdlich erforderlichen Zulassungen und Zertifikate zur Ausf\u00fchrung der von uns angebotenen T\u00e4tigkeiten.\n<br><br><u>Die entsprechenden Nachweise und Zertifikate finden Sie nachfolgend zur Ansicht:<\/u><\/p>\n\n\n\n<a href=\"http:\/\/die-raeumungsprofis.de\/wp-content\/uploads\/2022\/02\/Gewerbeanmeldung-Die-Raeumungsprofis.pdf\" target=\"_blank\" rel=\"noopener noreferrer\">Gewerbeanmeldung<\/a><br>\n<a href=\"http:\/\/die-raeumungsprofis.de\/wp-content\/uploads\/2022\/02\/IHK-Mitgliedsbescheinigung.pdf\" target=\"_blank\" rel=\"noopener noreferrer\">IHK Mitgliedsbescheinigung<\/a><br>\n<a href=\"http:\/\/die-raeumungsprofis.de\/wp-content\/uploads\/2022\/02\/\u00a753-KrWG-Die-Raeumungsprofis-web-compressed.pdf\" target=\"_blank\" rel=\"noopener noreferrer\">Anzeige nach \u00a7 53 KrWG | beh\u00f6rdliche Erlaubnis zur Bef\u00f6rderung nicht gef\u00e4hrlicher Abf\u00e4lle<\/a><br>\n<a href=\"http:\/\/die-raeumungsprofis.de\/wp-content\/uploads\/2022\/02\/Betriebsbeauftragter-f.-Abfall-nach-KrWG.pdf\" target=\"_blank\" rel=\"noopener noreferrer\">Betriebsbeauftragter f\u00fcr Abfall nach KrWG<\/a><br>\n<a href=\"http:\/\/die-raeumungsprofis.de\/wp-content\/uploads\/2022\/02\/TRGS-519-Anl.-4c.pdf\" target=\"_blank\" rel=\"noopener noreferrer\">Sachkunde nach TRGS 519 Anl. 4c<\/a> | <a href=\"https:\/\/www.die-raeumungsprofis.de\/wp-content\/uploads\/2024\/04\/Verlaengerung-Sachkunde-TRGS-519-Anl.-5.pdf\" target=\"_blank\" rel=\"noopener noreferrer\">Verl\u00e4ngerung Sachkunde nach TRGS 519 Anl. 4c<\/a><br>\n<a href=\"http:\/\/die-raeumungsprofis.de\/wp-content\/uploads\/2022\/02\/TRGS-521.jpg\" target=\"_blank\" rel=\"noopener noreferrer\">Fachkunde nach TRGS 521<\/a><br>\n<a href=\"http:\/\/die-raeumungsprofis.de\/wp-content\/uploads\/2022\/02\/SCC-Zertifikat-Fuehrungskraefte.pdf\" target=\"_blank\" rel=\"noopener noreferrer\">SCC Zertifikat f\u00fcr operative F\u00fchrungskr\u00e4fte<\/a><br>\n<a href=\"http:\/\/die-raeumungsprofis.de\/wp-content\/uploads\/2022\/02\/Arbeitsschutzmanagement.pdf\" target=\"_blank\" rel=\"noopener noreferrer\">Arbeitsschutzmanagement<\/a><br>\n","protected":false},"excerpt":{"rendered":"<p>Seri\u00f6se und beh\u00f6rdlich zugelassene Unternehmen erkennen Sie u.A. an folgenden Merkmalen: Wir raten Ihnen dringend im eigenen Interesse immer vor einer Auftragserteilung dazu, sich entsprechende Nachweise des Unternehmers vorlegen zu lassen. Wir als FEAS. &#8211; Die R\u00e4umungsprofis | Stefan Hosang verf\u00fcgen \u00fcber alle beh\u00f6rdlich erforderlichen Zulassungen und Zertifikate zur Ausf\u00fchrung der von uns angebotenen T\u00e4tigkeiten. [&hellip;]<\/p>\n","protected":false},"author":1,"featured_media":0,"parent":0,"menu_order":0,"comment_status":"closed","ping_status":"closed","template":"","meta":{"footnotes":""},"class_list":["post-217","page","type-page","status-publish","hentry"],"_links":{"self":[{"href":"https:\/\/www.die-raeumungsprofis.de\/index.php\/wp-json\/wp\/v2\/pages\/217","targetHints":{"allow":["GET"]}}],"collection":[{"href":"https:\/\/www.die-raeumungsprofis.de\/index.php\/wp-json\/wp\/v2\/pages"}],"about":[{"href":"https:\/\/www.die-raeumungsprofis.de\/index.php\/wp-json\/wp\/v2\/types\/page"}],"author":[{"embeddable":true,"href":"https:\/\/www.die-raeumungsprofis.de\/index.php\/wp-json\/wp\/v2\/users\/1"}],"replies":[{"embeddable":true,"href":"https:\/\/www.die-raeumungsprofis.de\/index.php\/wp-json\/wp\/v2\/comments?post=217"}],"version-history":[{"count":62,"href":"https:\/\/www.die-raeumungsprofis.de\/index.php\/wp-json\/wp\/v2\/pages\/217\/revisions"}],"predecessor-version":[{"id":963,"href":"https:\/\/www.die-raeumungsprofis.de\/index.php\/wp-json\/wp\/v2\/pages\/217\/revisions\/963"}],"wp:attachment":[{"href":"https:\/\/www.die-raeumungsprofis.de\/index.php\/wp-json\/wp\/v2\/media?parent=217"}],"curies":[{"name":"wp","href":"https:\/\/api.w.org\/{rel}","templated":true}]}}