{"id":50,"date":"2020-03-18T00:08:54","date_gmt":"2020-03-17T23:08:54","guid":{"rendered":"http:\/\/www.xn--dierumungsprofis-ynb.de\/?page_id=50"},"modified":"2022-08-30T14:06:17","modified_gmt":"2022-08-30T12:06:17","slug":"dienstleistungen","status":"publish","type":"page","link":"https:\/\/www.die-raeumungsprofis.de\/index.php\/dienstleistungen\/","title":{"rendered":"Dienstleistungen"},"content":{"rendered":"\n<p class=\"has-text-align-left\">Informationen dienen als wichtige Entscheidungshilfe f\u00fcr Ihr anstehendes Projekt. <\/p>\n\n\n\n<p class=\"has-text-align-left\">Daher m\u00f6chten wir Ihnen hier einen grundlegenden \u00dcberblick \u00fcber unser Dienstleistungsangebot geben. <\/p>\n\n\n\n<p>Weitere Informationen zu den einzelnen Dienstleistungsbereichen unseres Unternehmens erhalten Sie durch Klicken des jeweiligen Symbols.<\/p>\n\n\n\n<figure class=\"wp-block-table\"><table><tbody><tr><td class=\"has-text-align-center\" data-align=\"center\"><a href=\"http:\/\/die-raeumungsprofis.de\/index.php\/haushaltsaufloesung-2\/\" data-type=\"page\" data-id=\"530\"><img loading=\"lazy\" decoding=\"async\" width=\"71\" height=\"71\" class=\"wp-image-604\" style=\"width: 71px;\" src=\"http:\/\/die-raeumungsprofis.de\/wp-content\/uploads\/2022\/02\/Haushaltsaufloesung_small.jpg\" alt=\"\"><\/a><\/td><td class=\"has-text-align-left\" data-align=\"left\"><strong>Haushaltsaufl\u00f6sung<\/strong><\/td><\/tr><tr><td class=\"has-text-align-center\" data-align=\"center\"><a href=\"http:\/\/die-raeumungsprofis.de\/index.php\/entruempelung-2\/\" data-type=\"page\" data-id=\"531\"><img loading=\"lazy\" decoding=\"async\" width=\"71\" height=\"71\" class=\"wp-image-605\" style=\"width: 71px;\" src=\"http:\/\/die-raeumungsprofis.de\/wp-content\/uploads\/2022\/02\/Helm_small.jpg\" alt=\"\"><\/a><\/td><td class=\"has-text-align-left\" data-align=\"left\"><strong>Entr\u00fcmpelung<\/strong><\/td><\/tr><tr><td class=\"has-text-align-center\" data-align=\"center\"><a href=\"http:\/\/die-raeumungsprofis.de\/index.php\/abbruch\/\" data-type=\"page\" data-id=\"532\"><img loading=\"lazy\" decoding=\"async\" width=\"71\" height=\"71\" class=\"wp-image-566\" style=\"width: 71px;\" src=\"http:\/\/die-raeumungsprofis.de\/wp-content\/uploads\/2022\/02\/Abbruch_small.jpg\" alt=\"\"><\/a><\/td><td class=\"has-text-align-left\" data-align=\"left\"><strong>Abbruch<\/strong><\/td><\/tr><tr><td class=\"has-text-align-center\" data-align=\"center\"><a href=\"http:\/\/die-raeumungsprofis.de\/index.php\/schadstoffsanierung\/\" data-type=\"page\" data-id=\"533\"><img loading=\"lazy\" decoding=\"async\" width=\"71\" height=\"71\" class=\"wp-image-606\" style=\"width: 71px;\" src=\"http:\/\/die-raeumungsprofis.de\/wp-content\/uploads\/2022\/02\/Schadstoff_small.jpg\" alt=\"\"><\/a><\/td><td class=\"has-text-align-left\" data-align=\"left\"><strong>Schadstoffsanierung<\/strong><\/td><\/tr><tr><td class=\"has-text-align-center\" data-align=\"center\"><a href=\"http:\/\/die-raeumungsprofis.de\/index.php\/entsorgung-2\/\" data-type=\"page\" data-id=\"535\"><img loading=\"lazy\" decoding=\"async\" width=\"71\" height=\"71\" class=\"wp-image-603\" style=\"width: 71px;\" src=\"http:\/\/die-raeumungsprofis.de\/wp-content\/uploads\/2022\/02\/Entsorgung_small.jpg\" alt=\"\"><\/a><\/td><td class=\"has-text-align-left\" data-align=\"left\"><strong>Entsorgung<\/strong><\/td><\/tr><\/tbody><\/table><\/figure>\n\n\n\n<p>Gerne geben wir Ihnen jederzeit weitergehende Informationen in einem pers\u00f6nlichen Beratungstermin bei Ihnen vor Ort. Sprechen Sie uns hierzu jederzeit zwecks Terminabsprache unter der Rufnummer <strong>0176 &#8211; 6959 7835<\/strong> an. <\/p>\n\n\n\n<p class=\"has-text-align-left\">Ihr pers\u00f6nliches Angebot erhalten Sie, <em>selbstverst\u00e4ndlich kostenlos<\/em>, innerhalb von 24 Std. nach erfolgtem Besichtungstermin per Email zugesandt.<\/p>\n","protected":false},"excerpt":{"rendered":"<p>Informationen dienen als wichtige Entscheidungshilfe f\u00fcr Ihr anstehendes Projekt. Daher m\u00f6chten wir Ihnen hier einen grundlegenden \u00dcberblick \u00fcber unser Dienstleistungsangebot geben. Weitere Informationen zu den einzelnen Dienstleistungsbereichen unseres Unternehmens erhalten Sie durch Klicken des jeweiligen Symbols. Haushaltsaufl\u00f6sung Entr\u00fcmpelung Abbruch Schadstoffsanierung Entsorgung Gerne geben wir Ihnen jederzeit weitergehende Informationen in einem pers\u00f6nlichen Beratungstermin bei Ihnen vor [&hellip;]<\/p>\n","protected":false},"author":1,"featured_media":0,"parent":0,"menu_order":1,"comment_status":"closed","ping_status":"closed","template":"","meta":{"footnotes":""},"class_list":["post-50","page","type-page","status-publish","hentry"],"_links":{"self":[{"href":"https:\/\/www.die-raeumungsprofis.de\/index.php\/wp-json\/wp\/v2\/pages\/50","targetHints":{"allow":["GET"]}}],"collection":[{"href":"https:\/\/www.die-raeumungsprofis.de\/index.php\/wp-json\/wp\/v2\/pages"}],"about":[{"href":"https:\/\/www.die-raeumungsprofis.de\/index.php\/wp-json\/wp\/v2\/types\/page"}],"author":[{"embeddable":true,"href":"https:\/\/www.die-raeumungsprofis.de\/index.php\/wp-json\/wp\/v2\/users\/1"}],"replies":[{"embeddable":true,"href":"https:\/\/www.die-raeumungsprofis.de\/index.php\/wp-json\/wp\/v2\/comments?post=50"}],"version-history":[{"count":89,"href":"https:\/\/www.die-raeumungsprofis.de\/index.php\/wp-json\/wp\/v2\/pages\/50\/revisions"}],"predecessor-version":[{"id":763,"href":"https:\/\/www.die-raeumungsprofis.de\/index.php\/wp-json\/wp\/v2\/pages\/50\/revisions\/763"}],"wp:attachment":[{"href":"https:\/\/www.die-raeumungsprofis.de\/index.php\/wp-json\/wp\/v2\/media?parent=50"}],"curies":[{"name":"wp","href":"https:\/\/api.w.org\/{rel}","templated":true}]}}