{"id":530,"date":"2022-02-03T10:46:09","date_gmt":"2022-02-03T09:46:09","guid":{"rendered":"http:\/\/die-raeumungsprofis.de\/?page_id=530"},"modified":"2024-04-23T14:38:36","modified_gmt":"2024-04-23T12:38:36","slug":"haushaltsaufloesung-2","status":"publish","type":"page","link":"https:\/\/www.die-raeumungsprofis.de\/index.php\/haushaltsaufloesung-2\/","title":{"rendered":"Haushaltsaufl\u00f6sung"},"content":{"rendered":"\n<p>Ob durch Umzug, Todesfall im nahen Umfeld oder andere schwierige Umst\u00e4nde, jeder kann in die Situation kommen, Hilfe zu ben\u00f6tigen.<\/p>\n\n\n\n<p>Bei der <strong>Haushaltsaufl\u00f6sung <\/strong>geht es h\u00e4ufig darum, <em>&#8222;Werthaltiges&#8220; von &#8222;Wertlosem&#8220;<\/em> zu trennen.<\/p>\n\n\n<div class=\"wp-block-image\">\n<figure class=\"aligncenter size-full\"><img loading=\"lazy\" decoding=\"async\" width=\"1000\" height=\"400\" src=\"https:\/\/www.die-raeumungsprofis.de\/wp-content\/uploads\/2024\/01\/entruempelung.jpg\" alt=\"\" class=\"wp-image-907\" srcset=\"https:\/\/www.die-raeumungsprofis.de\/wp-content\/uploads\/2024\/01\/entruempelung.jpg 1000w, https:\/\/www.die-raeumungsprofis.de\/wp-content\/uploads\/2024\/01\/entruempelung-300x120.jpg 300w, https:\/\/www.die-raeumungsprofis.de\/wp-content\/uploads\/2024\/01\/entruempelung-768x307.jpg 768w\" sizes=\"auto, (max-width: 1000px) 100vw, 1000px\" \/><\/figure>\n<\/div>\n\n\n<p><br><p>Eine <strong>Haushalts- oder Wohnungsaufl\u00f6sung<\/strong> stellt demnach sehr h\u00e4ufig die R\u00e4umung einer Wohneineit&nbsp; einschlie\u00dflich der dazugeh\u00f6rigen Nebenr\u00e4ume (z. B. Keller, Dachboden, Garage, etc.) vom Hausrat des ehemaligen Wohnungsinhabers dar.<\/p><\/p>\n\n\n\n<p>Wir, <strong><em>DIE R\u00c4UMUNGSPROFIS<\/em><\/strong>, gehen egal in welcher Situation mit der n\u00f6tigen Distanz, Diskretion und dem entsprechenden Feingef\u00fchl bei der Abwicklung Ihres Auftrages vor und ordnen f\u00fcr Sie <em>&#8222;Werthaltiges&#8220; von &#8222;Wertlosem&#8220;<\/em>.<\/p>\n\n\n\n<p>Somit sind wir Ihr Partner f\u00fcr alle Art von Wohnungsaufl\u00f6sungen, auch in f\u00fcr Sie pers\u00f6nlich schwierigen Lebenslagen.<\/p>\n","protected":false},"excerpt":{"rendered":"<p>Ob durch Umzug, Todesfall im nahen Umfeld oder andere schwierige Umst\u00e4nde, jeder kann in die Situation kommen, Hilfe zu ben\u00f6tigen. Bei der Haushaltsaufl\u00f6sung geht es h\u00e4ufig darum, &#8222;Werthaltiges&#8220; von &#8222;Wertlosem&#8220; zu trennen. Eine Haushalts- oder Wohnungsaufl\u00f6sung stellt demnach sehr h\u00e4ufig die R\u00e4umung einer Wohneineit&nbsp; einschlie\u00dflich der dazugeh\u00f6rigen Nebenr\u00e4ume (z. B. Keller, Dachboden, Garage, etc.) vom [&hellip;]<\/p>\n","protected":false},"author":1,"featured_media":0,"parent":0,"menu_order":0,"comment_status":"closed","ping_status":"closed","template":"","meta":{"footnotes":""},"class_list":["post-530","page","type-page","status-publish","hentry"],"_links":{"self":[{"href":"https:\/\/www.die-raeumungsprofis.de\/index.php\/wp-json\/wp\/v2\/pages\/530","targetHints":{"allow":["GET"]}}],"collection":[{"href":"https:\/\/www.die-raeumungsprofis.de\/index.php\/wp-json\/wp\/v2\/pages"}],"about":[{"href":"https:\/\/www.die-raeumungsprofis.de\/index.php\/wp-json\/wp\/v2\/types\/page"}],"author":[{"embeddable":true,"href":"https:\/\/www.die-raeumungsprofis.de\/index.php\/wp-json\/wp\/v2\/users\/1"}],"replies":[{"embeddable":true,"href":"https:\/\/www.die-raeumungsprofis.de\/index.php\/wp-json\/wp\/v2\/comments?post=530"}],"version-history":[{"count":6,"href":"https:\/\/www.die-raeumungsprofis.de\/index.php\/wp-json\/wp\/v2\/pages\/530\/revisions"}],"predecessor-version":[{"id":984,"href":"https:\/\/www.die-raeumungsprofis.de\/index.php\/wp-json\/wp\/v2\/pages\/530\/revisions\/984"}],"wp:attachment":[{"href":"https:\/\/www.die-raeumungsprofis.de\/index.php\/wp-json\/wp\/v2\/media?parent=530"}],"curies":[{"name":"wp","href":"https:\/\/api.w.org\/{rel}","templated":true}]}}