{"id":531,"date":"2022-02-03T10:46:09","date_gmt":"2022-02-03T09:46:09","guid":{"rendered":"http:\/\/die-raeumungsprofis.de\/?page_id=531"},"modified":"2023-06-14T07:20:24","modified_gmt":"2023-06-14T05:20:24","slug":"entruempelung-2","status":"publish","type":"page","link":"https:\/\/www.die-raeumungsprofis.de\/index.php\/entruempelung-2\/","title":{"rendered":"Entr\u00fcmpelung"},"content":{"rendered":"\n<p>Bei der eigentlichen&nbsp;<strong>Entr\u00fcmpelung<\/strong> als unsere Dienstleistung geht es vorwiegend um die Entfernung und anschlie\u00dfende fachgerechte Entsorgung. <\/p>\n\n\n\n<p>Daher findet hier im Gegensatz zur <strong>Haushaltsaufl\u00f6sung&nbsp;<\/strong> unsererseits <strong><em>keine<\/em><\/strong> Differenzierung mehr zwischen <em>&#8222;Werthaltiges&#8220; und&nbsp; &#8222;Wertlosem&#8220; <\/em>statt. Wir gehen bei unserer Beauftragung davon aus, dass bereits seitens des Auftraggebers eine Separierung der werthaltigen Gegenst\u00e4nde von &#8222;wertlosem&#8220; stattgefunden hat.<\/p>\n\n\n<div class=\"wp-block-image is-style-rounded\">\n<figure class=\"aligncenter size-medium\"><img loading=\"lazy\" decoding=\"async\" width=\"295\" height=\"300\" src=\"https:\/\/www.die-raeumungsprofis.de\/wp-content\/uploads\/2022\/08\/Entruempelung_small-295x300.jpg\" alt=\"\" class=\"wp-image-725\" srcset=\"https:\/\/www.die-raeumungsprofis.de\/wp-content\/uploads\/2022\/08\/Entruempelung_small-295x300.jpg 295w, https:\/\/www.die-raeumungsprofis.de\/wp-content\/uploads\/2022\/08\/Entruempelung_small-1007x1024.jpg 1007w, https:\/\/www.die-raeumungsprofis.de\/wp-content\/uploads\/2022\/08\/Entruempelung_small-768x781.jpg 768w, https:\/\/www.die-raeumungsprofis.de\/wp-content\/uploads\/2022\/08\/Entruempelung_small.jpg 1062w\" sizes=\"auto, (max-width: 295px) 100vw, 295px\" \/><\/figure>\n<\/div>\n\n\n<p>Ziel unserer Beauftragung ist hier die \u00dcbergabe eines besenrein ger\u00e4umten Objektes an den Auftraggeber.<\/p>\n\n\n\n<p>Gerne \u00fcbernehmen wir f\u00fcr Sie alle Stufen des Entr\u00fcmpelungsprozesses beginnend bei der Beantragung von Stellgenehmigungen (z. B. f\u00fcr das Aufstellen eines Containers im \u00f6ffentlichen Stra\u00dfenraum), die Beantragung und Einrichtung von Halteverbotszonen, die Organisation des Stoffstrommanagements Ihres Projektes sowie die Baustellenabsicherung inklusive t\u00e4glichem Kontrolldienst.<\/p>\n\n\n\n<figure class=\"wp-block-gallery has-nested-images columns-default is-cropped wp-block-gallery-1 is-layout-flex wp-block-gallery-is-layout-flex\">\n<figure class=\"wp-block-image size-medium is-style-rounded\"><img loading=\"lazy\" decoding=\"async\" width=\"300\" height=\"300\" data-id=\"836\" src=\"https:\/\/www.die-raeumungsprofis.de\/wp-content\/uploads\/2023\/06\/20230504_183355-300x300.jpg\" alt=\"\" class=\"wp-image-836\" srcset=\"https:\/\/www.die-raeumungsprofis.de\/wp-content\/uploads\/2023\/06\/20230504_183355-300x300.jpg 300w, https:\/\/www.die-raeumungsprofis.de\/wp-content\/uploads\/2023\/06\/20230504_183355-1024x1024.jpg 1024w, https:\/\/www.die-raeumungsprofis.de\/wp-content\/uploads\/2023\/06\/20230504_183355-150x150.jpg 150w, https:\/\/www.die-raeumungsprofis.de\/wp-content\/uploads\/2023\/06\/20230504_183355-768x768.jpg 768w, https:\/\/www.die-raeumungsprofis.de\/wp-content\/uploads\/2023\/06\/20230504_183355-1536x1536.jpg 1536w, https:\/\/www.die-raeumungsprofis.de\/wp-content\/uploads\/2023\/06\/20230504_183355-2048x2048.jpg 2048w\" sizes=\"auto, (max-width: 300px) 100vw, 300px\" \/><figcaption class=\"wp-element-caption\">Geschwindigkeitsbeschr\u00e4nkung<\/figcaption><\/figure>\n\n\n\n<figure class=\"wp-block-image size-medium is-style-rounded\"><img loading=\"lazy\" decoding=\"async\" width=\"300\" height=\"300\" data-id=\"835\" src=\"https:\/\/www.die-raeumungsprofis.de\/wp-content\/uploads\/2023\/06\/20230504_183921-300x300.jpg\" alt=\"\" class=\"wp-image-835\" srcset=\"https:\/\/www.die-raeumungsprofis.de\/wp-content\/uploads\/2023\/06\/20230504_183921-300x300.jpg 300w, https:\/\/www.die-raeumungsprofis.de\/wp-content\/uploads\/2023\/06\/20230504_183921-1024x1024.jpg 1024w, https:\/\/www.die-raeumungsprofis.de\/wp-content\/uploads\/2023\/06\/20230504_183921-150x150.jpg 150w, https:\/\/www.die-raeumungsprofis.de\/wp-content\/uploads\/2023\/06\/20230504_183921-768x768.jpg 768w, https:\/\/www.die-raeumungsprofis.de\/wp-content\/uploads\/2023\/06\/20230504_183921-1536x1536.jpg 1536w, https:\/\/www.die-raeumungsprofis.de\/wp-content\/uploads\/2023\/06\/20230504_183921-2048x2048.jpg 2048w\" sizes=\"auto, (max-width: 300px) 100vw, 300px\" \/><figcaption class=\"wp-element-caption\">Containerabsicherung<\/figcaption><\/figure>\n<\/figure>\n\n\n\n<p>Sprechen Sie uns gerne dazu an, wir beraten Sie individuell auf Ihr Projekt bezogen!<\/p>\n","protected":false},"excerpt":{"rendered":"<p>Bei der eigentlichen&nbsp;Entr\u00fcmpelung als unsere Dienstleistung geht es vorwiegend um die Entfernung und anschlie\u00dfende fachgerechte Entsorgung. Daher findet hier im Gegensatz zur Haushaltsaufl\u00f6sung&nbsp; unsererseits keine Differenzierung mehr zwischen &#8222;Werthaltiges&#8220; und&nbsp; &#8222;Wertlosem&#8220; statt. Wir gehen bei unserer Beauftragung davon aus, dass bereits seitens des Auftraggebers eine Separierung der werthaltigen Gegenst\u00e4nde von &#8222;wertlosem&#8220; stattgefunden hat. Ziel unserer [&hellip;]<\/p>\n","protected":false},"author":1,"featured_media":0,"parent":0,"menu_order":0,"comment_status":"closed","ping_status":"closed","template":"","meta":{"footnotes":""},"class_list":["post-531","page","type-page","status-publish","hentry"],"_links":{"self":[{"href":"https:\/\/www.die-raeumungsprofis.de\/index.php\/wp-json\/wp\/v2\/pages\/531","targetHints":{"allow":["GET"]}}],"collection":[{"href":"https:\/\/www.die-raeumungsprofis.de\/index.php\/wp-json\/wp\/v2\/pages"}],"about":[{"href":"https:\/\/www.die-raeumungsprofis.de\/index.php\/wp-json\/wp\/v2\/types\/page"}],"author":[{"embeddable":true,"href":"https:\/\/www.die-raeumungsprofis.de\/index.php\/wp-json\/wp\/v2\/users\/1"}],"replies":[{"embeddable":true,"href":"https:\/\/www.die-raeumungsprofis.de\/index.php\/wp-json\/wp\/v2\/comments?post=531"}],"version-history":[{"count":12,"href":"https:\/\/www.die-raeumungsprofis.de\/index.php\/wp-json\/wp\/v2\/pages\/531\/revisions"}],"predecessor-version":[{"id":846,"href":"https:\/\/www.die-raeumungsprofis.de\/index.php\/wp-json\/wp\/v2\/pages\/531\/revisions\/846"}],"wp:attachment":[{"href":"https:\/\/www.die-raeumungsprofis.de\/index.php\/wp-json\/wp\/v2\/media?parent=531"}],"curies":[{"name":"wp","href":"https:\/\/api.w.org\/{rel}","templated":true}]}}