{"id":532,"date":"2022-02-03T10:46:09","date_gmt":"2022-02-03T09:46:09","guid":{"rendered":"http:\/\/die-raeumungsprofis.de\/?page_id=532"},"modified":"2024-09-27T13:14:06","modified_gmt":"2024-09-27T11:14:06","slug":"abbruch","status":"publish","type":"page","link":"https:\/\/www.die-raeumungsprofis.de\/index.php\/abbruch\/","title":{"rendered":"Abbruch"},"content":{"rendered":"\n<p>Beim <strong>Abriss<\/strong>, <strong>Abbruch<\/strong> oder <strong>R\u00fcckbau<\/strong>, geht es  in den meisten F\u00e4llen um das komplette oder teilweise &#8222;Entsorgen&#8220; von Bauwerken aller Art. <\/p>\n\n\n\n<p>Der Abriss selbst erfolgt f\u00fcr gew\u00f6hnlich durch Verfahren wie Einrei\u00dfen, Abtragen, Demontieren oder mechanisches Zerschlagen, je nachdem, welches Abbruchverfahren f\u00fcr das jeweilige Projekt z.B. aufgrund der \u00f6rtlichen Gegebenheiten individuell geeignet ist.<\/p>\n\n\n\n<figure class=\"wp-block-gallery aligncenter has-nested-images columns-default is-cropped wp-block-gallery-1 is-layout-flex wp-block-gallery-is-layout-flex\">\n<figure class=\"wp-block-image size-full is-style-default\"><img loading=\"lazy\" decoding=\"async\" width=\"400\" height=\"400\" data-id=\"1024\" src=\"https:\/\/www.die-raeumungsprofis.de\/wp-content\/uploads\/2024\/09\/Doosan-Abbruch_1.jpg\" alt=\"\" class=\"wp-image-1024\" srcset=\"https:\/\/www.die-raeumungsprofis.de\/wp-content\/uploads\/2024\/09\/Doosan-Abbruch_1.jpg 400w, https:\/\/www.die-raeumungsprofis.de\/wp-content\/uploads\/2024\/09\/Doosan-Abbruch_1-300x300.jpg 300w, https:\/\/www.die-raeumungsprofis.de\/wp-content\/uploads\/2024\/09\/Doosan-Abbruch_1-150x150.jpg 150w\" sizes=\"auto, (max-width: 400px) 100vw, 400px\" \/><\/figure>\n\n\n\n<figure class=\"wp-block-image size-full is-style-default\"><img loading=\"lazy\" decoding=\"async\" width=\"400\" height=\"400\" data-id=\"1026\" src=\"https:\/\/www.die-raeumungsprofis.de\/wp-content\/uploads\/2024\/09\/Doosan-Abbruch_2.jpg\" alt=\"\" class=\"wp-image-1026\" srcset=\"https:\/\/www.die-raeumungsprofis.de\/wp-content\/uploads\/2024\/09\/Doosan-Abbruch_2.jpg 400w, https:\/\/www.die-raeumungsprofis.de\/wp-content\/uploads\/2024\/09\/Doosan-Abbruch_2-300x300.jpg 300w, https:\/\/www.die-raeumungsprofis.de\/wp-content\/uploads\/2024\/09\/Doosan-Abbruch_2-150x150.jpg 150w\" sizes=\"auto, (max-width: 400px) 100vw, 400px\" \/><\/figure>\n<\/figure>\n\n\n\n<p>Sollen jedoch <em>nur Teile<\/em> von Geb\u00e4uden oder Geb\u00e4udebestandteile wie z. B. Fliesenbelag, Estrich oder nicht tragende W\u00e4nde abgerissen werden, so kommen eher \u201esanfte\u201c Abrissger\u00e4te wie unsere handgef\u00fchrten Abbruchh\u00e4mmer zum Einsatz.<\/p>\n\n\n\n<div class=\"wp-block-columns is-layout-flex wp-container-core-columns-is-layout-9d6595d7 wp-block-columns-is-layout-flex\">\n<div class=\"wp-block-column is-layout-flow wp-block-column-is-layout-flow\" style=\"flex-basis:100%\">\n<figure class=\"wp-block-gallery has-nested-images columns-default is-cropped wp-block-gallery-2 is-layout-flex wp-block-gallery-is-layout-flex\">\n<figure class=\"wp-block-image size-medium is-style-rounded\"><img loading=\"lazy\" decoding=\"async\" width=\"300\" height=\"300\" data-id=\"992\" src=\"https:\/\/www.die-raeumungsprofis.de\/wp-content\/uploads\/2024\/07\/Handabbruch-1-300x300.jpg\" alt=\"\" class=\"wp-image-992\" srcset=\"https:\/\/www.die-raeumungsprofis.de\/wp-content\/uploads\/2024\/07\/Handabbruch-1-300x300.jpg 300w, https:\/\/www.die-raeumungsprofis.de\/wp-content\/uploads\/2024\/07\/Handabbruch-1-150x150.jpg 150w, https:\/\/www.die-raeumungsprofis.de\/wp-content\/uploads\/2024\/07\/Handabbruch-1.jpg 400w\" sizes=\"auto, (max-width: 300px) 100vw, 300px\" \/><\/figure>\n\n\n\n<figure class=\"wp-block-image size-large is-style-rounded\"><img loading=\"lazy\" decoding=\"async\" width=\"400\" height=\"400\" data-id=\"991\" src=\"https:\/\/www.die-raeumungsprofis.de\/wp-content\/uploads\/2024\/07\/Handabbruch_2.jpg\" alt=\"\" class=\"wp-image-991\" srcset=\"https:\/\/www.die-raeumungsprofis.de\/wp-content\/uploads\/2024\/07\/Handabbruch_2.jpg 400w, https:\/\/www.die-raeumungsprofis.de\/wp-content\/uploads\/2024\/07\/Handabbruch_2-300x300.jpg 300w, https:\/\/www.die-raeumungsprofis.de\/wp-content\/uploads\/2024\/07\/Handabbruch_2-150x150.jpg 150w\" sizes=\"auto, (max-width: 400px) 100vw, 400px\" \/><\/figure>\n\n\n\n<figure class=\"wp-block-image size-medium is-style-rounded\"><img loading=\"lazy\" decoding=\"async\" width=\"300\" height=\"300\" data-id=\"993\" src=\"https:\/\/www.die-raeumungsprofis.de\/wp-content\/uploads\/2024\/07\/Handabbruch_3A-300x300.jpg\" alt=\"\" class=\"wp-image-993\" srcset=\"https:\/\/www.die-raeumungsprofis.de\/wp-content\/uploads\/2024\/07\/Handabbruch_3A-300x300.jpg 300w, https:\/\/www.die-raeumungsprofis.de\/wp-content\/uploads\/2024\/07\/Handabbruch_3A-150x150.jpg 150w, https:\/\/www.die-raeumungsprofis.de\/wp-content\/uploads\/2024\/07\/Handabbruch_3A.jpg 400w\" sizes=\"auto, (max-width: 300px) 100vw, 300px\" \/><\/figure>\n<\/figure>\n<\/div>\n<\/div>\n\n\n\n<p>Wir die Firma <strong>FEAS.<\/strong> | <strong>DIE R\u00c4UMUNGSPROFIS <\/strong>verf\u00fcgen \u00fcber langj\u00e4hrige Erfahrung beim konstruktiven R\u00fcckbau von Geb\u00e4udestrukturen und Bauwerken aller Art und sind Ihr qualifizierter und zuverl\u00e4ssiger Partner f\u00fcr die Ausf\u00fchrung von Abbrucharbeiten jeder Art, sowohl im Au\u00dfen- wie auch im Innenbereich. <\/p>\n\n\n\n<p>Zugeschnitten auf die individuelle Aufgabenstellung beraten wir Sie umfassend und geben Ihnen nach einem Ortstermin eine klare Handlungsempfehlung bez\u00fcglich der weiteren Schritte in Bezug auf Ihr R\u00fcckbauprojekt.<\/p>\n\n\n\n<p>Mit einem breit aufgestellten Partnernetzwerk erledigen wir f\u00fcr Sie Abbrucharbeiten jeder Gr\u00f6\u00dfenordnung, egal ob Garage, Wochenendhaus, Ein- und Mehrfamilienh\u00e4user bis hin zu kompletten Industrieanlagen!<\/p>\n\n\n\n<p>Wir freuen uns auf Ihre Anfrage und stehen mit unserer Fachkenntnis gerne f\u00fcr die Ausf\u00fchrung Ihres Projektes zur Verf\u00fcgung.<\/p>\n\n\n\n<figure class=\"wp-block-gallery has-nested-images columns-default is-cropped wp-block-gallery-3 is-layout-flex wp-block-gallery-is-layout-flex\">\n<figure class=\"wp-block-image size-full is-style-rounded\"><img loading=\"lazy\" decoding=\"async\" width=\"400\" height=\"400\" data-id=\"999\" src=\"https:\/\/www.die-raeumungsprofis.de\/wp-content\/uploads\/2024\/07\/Abbruchbagger-KX060-2.jpg\" alt=\"\" class=\"wp-image-999\" srcset=\"https:\/\/www.die-raeumungsprofis.de\/wp-content\/uploads\/2024\/07\/Abbruchbagger-KX060-2.jpg 400w, https:\/\/www.die-raeumungsprofis.de\/wp-content\/uploads\/2024\/07\/Abbruchbagger-KX060-2-300x300.jpg 300w, https:\/\/www.die-raeumungsprofis.de\/wp-content\/uploads\/2024\/07\/Abbruchbagger-KX060-2-150x150.jpg 150w\" sizes=\"auto, (max-width: 400px) 100vw, 400px\" \/><\/figure>\n\n\n\n<figure class=\"wp-block-image size-full is-style-rounded\"><img loading=\"lazy\" decoding=\"async\" width=\"400\" height=\"400\" data-id=\"1002\" src=\"https:\/\/www.die-raeumungsprofis.de\/wp-content\/uploads\/2024\/07\/Abbruch-Gebaeude.jpg\" alt=\"\" class=\"wp-image-1002\" srcset=\"https:\/\/www.die-raeumungsprofis.de\/wp-content\/uploads\/2024\/07\/Abbruch-Gebaeude.jpg 400w, https:\/\/www.die-raeumungsprofis.de\/wp-content\/uploads\/2024\/07\/Abbruch-Gebaeude-300x300.jpg 300w, https:\/\/www.die-raeumungsprofis.de\/wp-content\/uploads\/2024\/07\/Abbruch-Gebaeude-150x150.jpg 150w\" sizes=\"auto, (max-width: 400px) 100vw, 400px\" \/><\/figure>\n\n\n\n<figure class=\"wp-block-image size-full is-style-rounded\"><img loading=\"lazy\" decoding=\"async\" width=\"400\" height=\"400\" data-id=\"998\" src=\"https:\/\/www.die-raeumungsprofis.de\/wp-content\/uploads\/2024\/07\/Abbruchbagger-Betonschere.jpg\" alt=\"\" class=\"wp-image-998\" srcset=\"https:\/\/www.die-raeumungsprofis.de\/wp-content\/uploads\/2024\/07\/Abbruchbagger-Betonschere.jpg 400w, https:\/\/www.die-raeumungsprofis.de\/wp-content\/uploads\/2024\/07\/Abbruchbagger-Betonschere-300x300.jpg 300w, https:\/\/www.die-raeumungsprofis.de\/wp-content\/uploads\/2024\/07\/Abbruchbagger-Betonschere-150x150.jpg 150w\" sizes=\"auto, (max-width: 400px) 100vw, 400px\" \/><\/figure>\n<\/figure>\n","protected":false},"excerpt":{"rendered":"<p>Beim Abriss, Abbruch oder R\u00fcckbau, geht es in den meisten F\u00e4llen um das komplette oder teilweise &#8222;Entsorgen&#8220; von Bauwerken aller Art. Der Abriss selbst erfolgt f\u00fcr gew\u00f6hnlich durch Verfahren wie Einrei\u00dfen, Abtragen, Demontieren oder mechanisches Zerschlagen, je nachdem, welches Abbruchverfahren f\u00fcr das jeweilige Projekt z.B. aufgrund der \u00f6rtlichen Gegebenheiten individuell geeignet ist. Sollen jedoch nur [&hellip;]<\/p>\n","protected":false},"author":1,"featured_media":0,"parent":0,"menu_order":0,"comment_status":"closed","ping_status":"closed","template":"","meta":{"footnotes":""},"class_list":["post-532","page","type-page","status-publish","hentry"],"_links":{"self":[{"href":"https:\/\/www.die-raeumungsprofis.de\/index.php\/wp-json\/wp\/v2\/pages\/532","targetHints":{"allow":["GET"]}}],"collection":[{"href":"https:\/\/www.die-raeumungsprofis.de\/index.php\/wp-json\/wp\/v2\/pages"}],"about":[{"href":"https:\/\/www.die-raeumungsprofis.de\/index.php\/wp-json\/wp\/v2\/types\/page"}],"author":[{"embeddable":true,"href":"https:\/\/www.die-raeumungsprofis.de\/index.php\/wp-json\/wp\/v2\/users\/1"}],"replies":[{"embeddable":true,"href":"https:\/\/www.die-raeumungsprofis.de\/index.php\/wp-json\/wp\/v2\/comments?post=532"}],"version-history":[{"count":16,"href":"https:\/\/www.die-raeumungsprofis.de\/index.php\/wp-json\/wp\/v2\/pages\/532\/revisions"}],"predecessor-version":[{"id":1028,"href":"https:\/\/www.die-raeumungsprofis.de\/index.php\/wp-json\/wp\/v2\/pages\/532\/revisions\/1028"}],"wp:attachment":[{"href":"https:\/\/www.die-raeumungsprofis.de\/index.php\/wp-json\/wp\/v2\/media?parent=532"}],"curies":[{"name":"wp","href":"https:\/\/api.w.org\/{rel}","templated":true}]}}