{"id":533,"date":"2022-02-03T10:46:09","date_gmt":"2022-02-03T09:46:09","guid":{"rendered":"http:\/\/die-raeumungsprofis.de\/?page_id=533"},"modified":"2024-07-04T11:59:35","modified_gmt":"2024-07-04T09:59:35","slug":"schadstoffsanierung","status":"publish","type":"page","link":"https:\/\/www.die-raeumungsprofis.de\/index.php\/schadstoffsanierung\/","title":{"rendered":"Schadstoffsanierung"},"content":{"rendered":"\n<p>Das eigene &#8222;<strong>Zuhause<\/strong>&#8220; soll ein <strong>sicherer Ort<\/strong> sein, da m\u00f6chte man sich als Hausbewohner bzw. Eigent\u00fcmer nicht um Schadstoffe sorgen&#8230; und doch m\u00fcssen Hausbewohner auch heutzutage noch vorsichtig sein, vor allem dann, wenn es sich bei dem bewohnten Objekt um ein <em>Geb\u00e4ude \u00e4lteren Baujahres<\/em> handelt! <\/p>\n\n\n\n<p>Im Verlauf der Baugeschichte wurden immer wiederkehrend <em>Baustoffe und Baumaterialien<\/em> verwedet, von denen man heute weiss, dass diese sich potentiell nachteilig auf die Gesundheit der Bewohner solcher Objekte auswirken kann.<\/p>\n\n\n\n<p>In aller Munde sind hier z.B. Baustoffe und Materialien wie z.B.<\/p>\n\n\n\n<ul class=\"wp-block-list\">\n<li>Asbest (als Platten z.B. als Fussbodenbelag, als Kordeln z.B. in Brandschutzklappen oder als Dacheindeckung z.B. in Form von Welleternit)<\/li>\n\n\n\n<li>Glas- bzw. Steinwolle (sogenannte &#8222;alte Mineralwolle&#8220; z.B. in Rohrummantelungen oder D\u00e4mmungen von Zwischendecken)<\/li>\n\n\n\n<li>Teerplatten (z.B. als Dacheindeckungen oder Verkleidungen)<\/li>\n\n\n\n<li>PCB \/ PAK (als Bestandteile z.B. von alten Parkettklebern unter Holzparkett)<\/li>\n<\/ul>\n\n\n\n<p>Die Verwendung vieler dieser oben genannten Materialien ist mittlerweile durch den Gesetzgeber untersagt, jedoch finden sich gerade in \u00e4lteren Objekten immer noch diese &#8222;<em>Relikte aus vergangenen Bauepochen<\/em>&#8222;.<\/p>\n\n\n\n<p>Bevor Sie eine Wohnung oder ein Haus erwerben, empfiehlt sich daher dringend eine umfassende Analyse auf \u00fcbliche Bauschadstoffe, damit das <strong><em>&#8222;eigene Zuhause&#8220;<\/em><\/strong> nicht zu einer potentiellen Gefahr der eigenen Gesundheit wird.<\/p>\n\n\n\n<figure class=\"wp-block-gallery has-nested-images columns-4 is-cropped wp-block-gallery-1 is-layout-flex wp-block-gallery-is-layout-flex\">\n<figure class=\"wp-block-image size-large\"><img loading=\"lazy\" decoding=\"async\" width=\"1080\" height=\"1080\" data-id=\"625\" src=\"http:\/\/die-raeumungsprofis.de\/wp-content\/uploads\/2022\/02\/alte-Mineralwolle_small.jpg\" alt=\"\" class=\"wp-image-625\"\/><figcaption class=\"wp-element-caption\">alte Mineralwolle (KMF)<\/figcaption><\/figure>\n\n\n\n<figure class=\"wp-block-image size-large\"><img loading=\"lazy\" decoding=\"async\" width=\"1080\" height=\"1080\" data-id=\"627\" src=\"http:\/\/die-raeumungsprofis.de\/wp-content\/uploads\/2022\/02\/Asbestdach-1.jpg\" alt=\"\" class=\"wp-image-627\"\/><figcaption class=\"wp-element-caption\">Asbest als Dacheindeckung<\/figcaption><\/figure>\n\n\n\n<figure class=\"wp-block-image size-large\"><img loading=\"lazy\" decoding=\"async\" width=\"1080\" height=\"1080\" data-id=\"626\" src=\"http:\/\/die-raeumungsprofis.de\/wp-content\/uploads\/2022\/02\/alte-Mineralwolle-Decke_small.jpg\" alt=\"\" class=\"wp-image-626\"\/><figcaption class=\"wp-element-caption\">KMF unter Zwischendecke<\/figcaption><\/figure>\n\n\n\n<figure class=\"wp-block-image size-large\"><img loading=\"lazy\" decoding=\"async\" width=\"1080\" height=\"1080\" data-id=\"628\" src=\"http:\/\/die-raeumungsprofis.de\/wp-content\/uploads\/2022\/02\/vorbereitung-KMF-Sanierung_.jpg\" alt=\"\" class=\"wp-image-628\"\/><figcaption class=\"wp-element-caption\">Vorbereitung KMF-Sanierung<\/figcaption><\/figure>\n<\/figure>\n\n\n\n<hr class=\"wp-block-separator has-alpha-channel-opacity\"\/>\n\n\n\n<p>Wir von <strong>FEAS. | DIE R\u00c4UMUNGSPROFIS<\/strong> sind Ihr <em>qualifizierter Partner<\/em> f\u00fcr die Durchf\u00fchrung von Schadstoffsanierungen in den Bereichen &#8222;alter k\u00fcnstlicher Mineralwolle (TRGS 521)&#8220; sowie &#8222;Asbest (TRGS 519)&#8220; in und an Geb\u00e4uden.<\/p>\n\n\n<div class=\"wp-block-image\">\n<figure class=\"aligncenter size-full is-resized\"><img loading=\"lazy\" decoding=\"async\" width=\"636\" height=\"450\" src=\"http:\/\/die-raeumungsprofis.de\/wp-content\/uploads\/2022\/02\/TRGS-519_521.jpg\" alt=\"\" class=\"wp-image-636\" style=\"width:477px;height:338px\"\/><\/figure>\n<\/div>\n\n\n<hr class=\"wp-block-separator has-alpha-channel-opacity\"\/>\n\n\n\n<p>Gemeinsam mit unseren Partnern realisieren wir verantwortungsvoll auch Ihr Sanierungsprojekt, unabh\u00e4ngig von der Gr\u00f6\u00dfe und Auspr\u00e4gung der Schadstoffbelastung.<\/p>\n\n\n<div class=\"wp-block-image is-style-rounded\">\n<figure class=\"aligncenter size-full\"><img loading=\"lazy\" decoding=\"async\" width=\"400\" height=\"400\" src=\"https:\/\/www.die-raeumungsprofis.de\/wp-content\/uploads\/2024\/07\/Atemschutzmaske.jpg\" alt=\"\" class=\"wp-image-1012\" srcset=\"https:\/\/www.die-raeumungsprofis.de\/wp-content\/uploads\/2024\/07\/Atemschutzmaske.jpg 400w, https:\/\/www.die-raeumungsprofis.de\/wp-content\/uploads\/2024\/07\/Atemschutzmaske-300x300.jpg 300w, https:\/\/www.die-raeumungsprofis.de\/wp-content\/uploads\/2024\/07\/Atemschutzmaske-150x150.jpg 150w\" sizes=\"auto, (max-width: 400px) 100vw, 400px\" \/><\/figure>\n<\/div>\n\n\n<hr class=\"wp-block-separator has-alpha-channel-opacity\"\/>\n\n\n\n<p>Die Basis einer Schadstoffsanierung sollte zun\u00e4chst eine umfassende Analyse in Bezug auf vorhandene Bauschadstoffe sein, diese bildet im weiteren Verlauf die Grundlage f\u00fcr die Ermittlung des Sanierungsbedarfs und die Planung erforderlicher Ma\u00dfnahmen.<\/p>\n\n\n\n<p>Im Rahmen unser T\u00e4tigkeit gehen wir wie folgt vor:<\/p>\n\n\n\n<ul class=\"wp-block-list\">\n<li>Sichtung von vorhandenen Geb\u00e4udeinformationen wie Baupl\u00e4ne, Expos\u00e9, technische Datenbl\u00e4tter o.\u00e4.<\/li>\n\n\n\n<li>Begehnung des Geb\u00e4udes bzw. der Geb\u00e4udeteile und visuelle Inaugenscheinnahme in Bezug auf potentielle Gefahrenbereiche<\/li>\n\n\n\n<li>Entnahme von Proben betreffender Bauschadstoffe und Verifizierung des Gefahrenpotentials \u00fcber Laboranalysen<\/li>\n\n\n\n<li>Ermittlung des abschlie\u00dfenden Sanierungsbedarfs unter Einbeziehung vonLaboranalysen und Beobachtungen der visueller Begehung des Objektes<\/li>\n\n\n\n<li>Planung des notwendigen Sanierungsbedarfes und Erstellung einer ersten Kosteneinsch\u00e4tzung<\/li>\n<\/ul>\n\n\n\n<p>Nach \u00dcbergabe unserer ersten Kosteneinsch\u00e4tzung in Bezug auf die Durchf\u00fchrung von Schadstoffsanierungsma\u00dfnahmen liegt es ma\u00dfgeblich an der Entscheidung des Kunden, welcher Ma\u00dfnahmen in der weiteren Folge ausgef\u00fchrt werden.<\/p>\n\n\n\n<hr class=\"wp-block-separator has-alpha-channel-opacity\"\/>\n\n\n\n<p><strong><em><u>zum Thema k\u00fcnstliche alte Mineralwolle und Asbest:<\/u><\/em><\/strong><\/p>\n\n\n\n<p>Immer h\u00e4ufiger werden wir von Hauseigent\u00fcmern dazu befragt, ob diese alte k\u00fcnstliche Mineralwolle (KMF) oder Ihr altes Asbestdach <em>selbstst\u00e4ndig <\/em>abrei\u00dfen d\u00fcrfen oder nicht?!<\/p>\n\n\n\n<p>Hierzu m\u00f6chten wir darauf hinweisen, dass wir <strong>dringend davon abraten<\/strong>, Arbeiten mit Gefahrstoffen <em>selbstst\u00e4ndig <\/em>und <em>ohne<\/em> die notwendige Sachkunde auszuf\u00fchren! Unabh\u00e4ngig von der Art der Arbeiten an asbesthaltigen Produkten ist in jedem Fall <em>immer<\/em> eine Sachkunde erforderlich! Wer Arbeiten an asbesthaltigen Produkten ohne entsprechende Sachkunde nach TRGS 519 durchf\u00fchrt, handelt in jedem Fall ordnungswidrig. Unter Umst\u00e4nden stellt dies sogar einen <strong><em>Straftatbestand<\/em><\/strong> dar! Es ist in jedem Fall mit empfindlichen Geldbu\u00dfen zu rechnen. Wir verweisen hier auch ausdr\u00fccklich auf die weitreichenden \u00c4nderungen in der neuen Gefahrstoffverordnung.<\/p>\n\n\n<div class=\"wp-block-image is-style-rounded\">\n<figure class=\"aligncenter size-medium\"><img loading=\"lazy\" decoding=\"async\" width=\"300\" height=\"300\" src=\"https:\/\/www.die-raeumungsprofis.de\/wp-content\/uploads\/2022\/08\/Schadstoffsanierung_small-300x300.jpg\" alt=\"\" class=\"wp-image-728\" srcset=\"https:\/\/www.die-raeumungsprofis.de\/wp-content\/uploads\/2022\/08\/Schadstoffsanierung_small-300x300.jpg 300w, https:\/\/www.die-raeumungsprofis.de\/wp-content\/uploads\/2022\/08\/Schadstoffsanierung_small-1024x1024.jpg 1024w, https:\/\/www.die-raeumungsprofis.de\/wp-content\/uploads\/2022\/08\/Schadstoffsanierung_small-150x150.jpg 150w, https:\/\/www.die-raeumungsprofis.de\/wp-content\/uploads\/2022\/08\/Schadstoffsanierung_small-768x768.jpg 768w, https:\/\/www.die-raeumungsprofis.de\/wp-content\/uploads\/2022\/08\/Schadstoffsanierung_small.jpg 1080w\" sizes=\"auto, (max-width: 300px) 100vw, 300px\" \/><\/figure>\n<\/div>\n\n\n<p><em><u><b>Bedenken Sie zu Ihrer eigenen Sicherheit bitte:<\/b><\/u><\/em> <\/p>\n\n\n\n<p>Nur qualifiziertes Fachpersonal kann die zu erwartenden Gefahren im Umgang mit Gefahrstoffen richtig absch\u00e4tzen, verf\u00fcgt \u00fcber die notwendigen Ger\u00e4tschaften und Schutzausr\u00fcstung sowie die erforderliche Sachkunde gem\u00e4\u00df TRGS 519 bzw. TRGS 521, um Arbeiten im Umgang mit alter k\u00fcnstlicher Mineralwolle (KMF) oder asbesthaltigen Gefahrstoffen sicher und gefahrlos ausf\u00fchren zu k\u00f6nnen!<\/p>\n\n\n\n<p><\/p>\n","protected":false},"excerpt":{"rendered":"<p>Das eigene &#8222;Zuhause&#8220; soll ein sicherer Ort sein, da m\u00f6chte man sich als Hausbewohner bzw. Eigent\u00fcmer nicht um Schadstoffe sorgen&#8230; und doch m\u00fcssen Hausbewohner auch heutzutage noch vorsichtig sein, vor allem dann, wenn es sich bei dem bewohnten Objekt um ein Geb\u00e4ude \u00e4lteren Baujahres handelt! Im Verlauf der Baugeschichte wurden immer wiederkehrend Baustoffe und Baumaterialien [&hellip;]<\/p>\n","protected":false},"author":1,"featured_media":0,"parent":0,"menu_order":0,"comment_status":"closed","ping_status":"closed","template":"","meta":{"footnotes":""},"class_list":["post-533","page","type-page","status-publish","hentry"],"_links":{"self":[{"href":"https:\/\/www.die-raeumungsprofis.de\/index.php\/wp-json\/wp\/v2\/pages\/533","targetHints":{"allow":["GET"]}}],"collection":[{"href":"https:\/\/www.die-raeumungsprofis.de\/index.php\/wp-json\/wp\/v2\/pages"}],"about":[{"href":"https:\/\/www.die-raeumungsprofis.de\/index.php\/wp-json\/wp\/v2\/types\/page"}],"author":[{"embeddable":true,"href":"https:\/\/www.die-raeumungsprofis.de\/index.php\/wp-json\/wp\/v2\/users\/1"}],"replies":[{"embeddable":true,"href":"https:\/\/www.die-raeumungsprofis.de\/index.php\/wp-json\/wp\/v2\/comments?post=533"}],"version-history":[{"count":23,"href":"https:\/\/www.die-raeumungsprofis.de\/index.php\/wp-json\/wp\/v2\/pages\/533\/revisions"}],"predecessor-version":[{"id":1019,"href":"https:\/\/www.die-raeumungsprofis.de\/index.php\/wp-json\/wp\/v2\/pages\/533\/revisions\/1019"}],"wp:attachment":[{"href":"https:\/\/www.die-raeumungsprofis.de\/index.php\/wp-json\/wp\/v2\/media?parent=533"}],"curies":[{"name":"wp","href":"https:\/\/api.w.org\/{rel}","templated":true}]}}