{"id":535,"date":"2022-02-03T10:46:09","date_gmt":"2022-02-03T09:46:09","guid":{"rendered":"http:\/\/die-raeumungsprofis.de\/?page_id=535"},"modified":"2022-08-29T20:10:55","modified_gmt":"2022-08-29T18:10:55","slug":"entsorgung-2","status":"publish","type":"page","link":"https:\/\/www.die-raeumungsprofis.de\/index.php\/entsorgung-2\/","title":{"rendered":"Entsorgung"},"content":{"rendered":"\n<p>Der Bereich Entsorgung als Dienstleistung bedeutet die Verwertung oder Beseitigung von Restmassen bzw. Abf\u00e4llen.<\/p>\n\n\n\n<p>Alles was im Rahmen unserer T\u00e4tigkeit nicht mehr anderweitig verwertet werden kann, f\u00fchren wir einer gesetzeskonformen Verwertung oder Entsorgung zu.<\/p>\n\n\n\n<p>Aufgrund unserer langj\u00e4hrigen Erfahrung und eines breit aufgestellten Partnernetzwerkes sind wir in der Lage, Ihnen kurzfristig eine qualifizierte sowie fach- und sachgerechte Verwertung bzw. Entsorgung anbieten zu k\u00f6nnen.<\/p>\n\n\n\n<p><em>Nicht gef\u00e4hrliche<\/em> Abf\u00e4lle entsorgen wir, soweit m\u00f6glich, mit eigenen Fahrzeugen und sorgen f\u00fcr eine sachgerechte gesetzeskonforme Verbringung in zugelassene Entsorgungseinrichtungen. <\/p>\n\n\n\n<p>Bei der Entsorgung von <em>gef\u00e4hrlichen <\/em>Abf\u00e4llen arbeiten wir <strong><em>ausschliesslich<\/em><\/strong> mit zertifizierten Entsorgungsfachbetrieben im Sinne des Kreislaufwirtschaftsgesetzes (KrWG) zusammen, um eine fach- und sachgerechte Verwertung und Entsorgung aller anfallenden gef\u00e4hrlichen Reststoffe sicherzustellen.<\/p>\n\n\n\n<p>Sprechen Sie uns an, wir sind jederzeit gerne f\u00fcr Sie da!<\/p>\n\n\n\n<div class=\"wp-block-group\"><div class=\"wp-block-group__inner-container is-layout-flow wp-block-group-is-layout-flow\">\n<figure class=\"wp-block-gallery has-nested-images columns-default is-cropped wp-block-gallery-1 is-layout-flex wp-block-gallery-is-layout-flex\">\n<figure class=\"wp-block-image size-medium is-style-rounded\"><img loading=\"lazy\" decoding=\"async\" width=\"295\" height=\"300\" data-id=\"725\" src=\"https:\/\/www.die-raeumungsprofis.de\/wp-content\/uploads\/2022\/08\/Entruempelung_small-295x300.jpg\" alt=\"\" class=\"wp-image-725\" srcset=\"https:\/\/www.die-raeumungsprofis.de\/wp-content\/uploads\/2022\/08\/Entruempelung_small-295x300.jpg 295w, https:\/\/www.die-raeumungsprofis.de\/wp-content\/uploads\/2022\/08\/Entruempelung_small-1007x1024.jpg 1007w, https:\/\/www.die-raeumungsprofis.de\/wp-content\/uploads\/2022\/08\/Entruempelung_small-768x781.jpg 768w, https:\/\/www.die-raeumungsprofis.de\/wp-content\/uploads\/2022\/08\/Entruempelung_small.jpg 1062w\" sizes=\"auto, (max-width: 295px) 100vw, 295px\" \/><\/figure>\n\n\n\n<figure class=\"wp-block-image size-medium is-style-rounded\"><img loading=\"lazy\" decoding=\"async\" width=\"300\" height=\"300\" data-id=\"733\" src=\"https:\/\/www.die-raeumungsprofis.de\/wp-content\/uploads\/2022\/08\/Abroller_Holz_small-1-300x300.jpg\" alt=\"\" class=\"wp-image-733\" srcset=\"https:\/\/www.die-raeumungsprofis.de\/wp-content\/uploads\/2022\/08\/Abroller_Holz_small-1-300x300.jpg 300w, https:\/\/www.die-raeumungsprofis.de\/wp-content\/uploads\/2022\/08\/Abroller_Holz_small-1-1024x1024.jpg 1024w, https:\/\/www.die-raeumungsprofis.de\/wp-content\/uploads\/2022\/08\/Abroller_Holz_small-1-150x150.jpg 150w, https:\/\/www.die-raeumungsprofis.de\/wp-content\/uploads\/2022\/08\/Abroller_Holz_small-1-768x768.jpg 768w, https:\/\/www.die-raeumungsprofis.de\/wp-content\/uploads\/2022\/08\/Abroller_Holz_small-1.jpg 1080w\" sizes=\"auto, (max-width: 300px) 100vw, 300px\" \/><\/figure>\n\n\n\n<figure class=\"wp-block-image size-medium is-style-rounded\"><img loading=\"lazy\" decoding=\"async\" width=\"300\" height=\"300\" data-id=\"734\" src=\"https:\/\/www.die-raeumungsprofis.de\/wp-content\/uploads\/2022\/08\/Abroller_40cbm_small-300x300.jpg\" alt=\"\" class=\"wp-image-734\" srcset=\"https:\/\/www.die-raeumungsprofis.de\/wp-content\/uploads\/2022\/08\/Abroller_40cbm_small-300x300.jpg 300w, https:\/\/www.die-raeumungsprofis.de\/wp-content\/uploads\/2022\/08\/Abroller_40cbm_small-1024x1024.jpg 1024w, https:\/\/www.die-raeumungsprofis.de\/wp-content\/uploads\/2022\/08\/Abroller_40cbm_small-150x150.jpg 150w, https:\/\/www.die-raeumungsprofis.de\/wp-content\/uploads\/2022\/08\/Abroller_40cbm_small-768x768.jpg 768w, https:\/\/www.die-raeumungsprofis.de\/wp-content\/uploads\/2022\/08\/Abroller_40cbm_small.jpg 1080w\" sizes=\"auto, (max-width: 300px) 100vw, 300px\" \/><\/figure>\n<\/figure>\n<\/div><\/div>\n","protected":false},"excerpt":{"rendered":"<p>Der Bereich Entsorgung als Dienstleistung bedeutet die Verwertung oder Beseitigung von Restmassen bzw. Abf\u00e4llen. Alles was im Rahmen unserer T\u00e4tigkeit nicht mehr anderweitig verwertet werden kann, f\u00fchren wir einer gesetzeskonformen Verwertung oder Entsorgung zu. Aufgrund unserer langj\u00e4hrigen Erfahrung und eines breit aufgestellten Partnernetzwerkes sind wir in der Lage, Ihnen kurzfristig eine qualifizierte sowie fach- und [&hellip;]<\/p>\n","protected":false},"author":1,"featured_media":0,"parent":0,"menu_order":0,"comment_status":"closed","ping_status":"closed","template":"","meta":{"footnotes":""},"class_list":["post-535","page","type-page","status-publish","hentry"],"_links":{"self":[{"href":"https:\/\/www.die-raeumungsprofis.de\/index.php\/wp-json\/wp\/v2\/pages\/535","targetHints":{"allow":["GET"]}}],"collection":[{"href":"https:\/\/www.die-raeumungsprofis.de\/index.php\/wp-json\/wp\/v2\/pages"}],"about":[{"href":"https:\/\/www.die-raeumungsprofis.de\/index.php\/wp-json\/wp\/v2\/types\/page"}],"author":[{"embeddable":true,"href":"https:\/\/www.die-raeumungsprofis.de\/index.php\/wp-json\/wp\/v2\/users\/1"}],"replies":[{"embeddable":true,"href":"https:\/\/www.die-raeumungsprofis.de\/index.php\/wp-json\/wp\/v2\/comments?post=535"}],"version-history":[{"count":5,"href":"https:\/\/www.die-raeumungsprofis.de\/index.php\/wp-json\/wp\/v2\/pages\/535\/revisions"}],"predecessor-version":[{"id":755,"href":"https:\/\/www.die-raeumungsprofis.de\/index.php\/wp-json\/wp\/v2\/pages\/535\/revisions\/755"}],"wp:attachment":[{"href":"https:\/\/www.die-raeumungsprofis.de\/index.php\/wp-json\/wp\/v2\/media?parent=535"}],"curies":[{"name":"wp","href":"https:\/\/api.w.org\/{rel}","templated":true}]}}